{"id":491,"date":"2021-11-02T19:14:44","date_gmt":"2021-11-02T19:14:44","guid":{"rendered":"https:\/\/ccp-law.eu\/scope-and-objectives\/"},"modified":"2022-02-22T18:34:36","modified_gmt":"2022-02-22T18:34:36","slug":"scope-and-objectives","status":"publish","type":"page","link":"https:\/\/ccp-law.eu\/es\/scope-and-objectives\/","title":{"rendered":"Alcance y objetivos"},"content":{"rendered":"<p>El objetivo del proyecto es desarrollar, probar y adaptar nuevos planes de estudio en el campo del Derecho del Cambio Clim\u00e1tico (CC). Espec\u00edficamente, la integraci\u00f3n de un programa educativo multidisciplinario en Pol\u00edtica y Derecho Global del CC, ofrecido a nivel de Diploma de Postgrado (PGDIp) o alternativamente como M\u00e1ster en Derecho (LLM), dependiendo de la decisi\u00f3n final de cada instituci\u00f3n de educaci\u00f3n superior participante, tendr\u00e1 como objetivo abordar la necesidad de una nueva generaci\u00f3n de postgraduados en un LLM con el que adquirir\u00e1n una experiencia de alto nivel en pol\u00edticas ambientales y Derecho del CC.<\/p>\n<p>El proyecto CCP_LAW ayudar\u00e1 a Malasia, India y Vietnam a abordar los desaf\u00edos a los que se enfrentan sus sistemas de educaci\u00f3n superior mejorando su calidad y relevancia para el mercado laboral.<\/p>\n<p>Por lo tanto, el proyecto mejorar\u00e1 el nivel de competencias y habilidades en las instituciones de educaci\u00f3n superior mediante el desarrollo de un programa educativo nuevo e innovador basado en las TIC y mediante la aplicaci\u00f3n de las mejores pr\u00e1cticas en metodolog\u00edas pedag\u00f3gicas entre profesorado y estudiantes. Los nuevos cursos de posgrado sentar\u00e1n las bases en primer lugar para la modernizaci\u00f3n, accesibilidad e internacionalizaci\u00f3n de la educaci\u00f3n superior en Malasia, India y Vietnam. La creaci\u00f3n de centros de CCP_Law en todos los Departamentos de Derecho de las instituciones de educaci\u00f3n superior asi\u00e1ticas ayudar\u00e1 a la capacidad de trabajar en red de manera eficaz en la investigaci\u00f3n y la capacidad de crear v\u00ednculos con los esfuerzos institucionales para la formulaci\u00f3n de pol\u00edticas sobre el CC.<\/p>\n<p>En pocas palabras, los objetivos espec\u00edficos del proyecto incluyen:<\/p>\n<ul>\n<li>Desarrollar, probar y adaptar nuevos planes de estudio en el campo del Derecho sobre el Cambio Clim\u00e1tico (CC)<\/li>\n<li>Apoyar la modernizaci\u00f3n, accesibilidad e internacionalizaci\u00f3n de la educaci\u00f3n superior y abordar los desaf\u00edos que enfrentan los sistemas de educaci\u00f3n superior en Malasia, India y Vietnam.<\/li>\n<li>Mejorar el nivel de competencias y habilidades en las instituciones de educaci\u00f3n superior mediante el desarrollo de un programa educativo nuevo e innovador basado en las TIC y la aplicaci\u00f3n de metodolog\u00edas pedag\u00f3gicas de mejores pr\u00e1cticas entre profesorado y estudiantes.<\/li>\n<li>Contribuir a una cooperaci\u00f3n reforzada entre la UE y los pa\u00edses socios.<\/li>\n<li>Fomentar los contactos entre personas, la conciencia y la comprensi\u00f3n intercultural.<\/li>\n<li>Abrir Centros de Derecho sobre Cambio Clim\u00e1tico (instituciones de educaci\u00f3n superior participantes).<\/li>\n<\/ul>\n","protected":false},"excerpt":{"rendered":"<p>El objetivo del proyecto es desarrollar, probar y adaptar nuevos planes de estudio en el campo del Derecho del Cambio Clim\u00e1tico (CC). Espec\u00edficamente, la integraci\u00f3n de un programa educativo multidisciplinario en Pol\u00edtica y Derecho Global del CC, ofrecido a nivel de Diploma de Postgrado (PGDIp) o alternativamente como M\u00e1ster en Derecho (LLM), dependiendo de la&hellip;<\/p>\n","protected":false},"author":1,"featured_media":0,"parent":0,"menu_order":0,"comment_status":"closed","ping_status":"closed","template":"","meta":{"footnotes":""},"class_list":["post-491","page","type-page","status-publish","hentry","description-off"],"_links":{"self":[{"href":"https:\/\/ccp-law.eu\/es\/wp-json\/wp\/v2\/pages\/491","targetHints":{"allow":["GET"]}}],"collection":[{"href":"https:\/\/ccp-law.eu\/es\/wp-json\/wp\/v2\/pages"}],"about":[{"href":"https:\/\/ccp-law.eu\/es\/wp-json\/wp\/v2\/types\/page"}],"author":[{"embeddable":true,"href":"https:\/\/ccp-law.eu\/es\/wp-json\/wp\/v2\/users\/1"}],"replies":[{"embeddable":true,"href":"https:\/\/ccp-law.eu\/es\/wp-json\/wp\/v2\/comments?post=491"}],"version-history":[{"count":1,"href":"https:\/\/ccp-law.eu\/es\/wp-json\/wp\/v2\/pages\/491\/revisions"}],"predecessor-version":[{"id":539,"href":"https:\/\/ccp-law.eu\/es\/wp-json\/wp\/v2\/pages\/491\/revisions\/539"}],"wp:attachment":[{"href":"https:\/\/ccp-law.eu\/es\/wp-json\/wp\/v2\/media?parent=491"}],"curies":[{"name":"wp","href":"https:\/\/api.w.org\/{rel}","templated":true}]}}