{"id":501,"date":"2021-11-02T19:45:04","date_gmt":"2021-11-02T19:45:04","guid":{"rendered":"https:\/\/ccp-law.eu\/outputs\/"},"modified":"2022-02-22T18:39:00","modified_gmt":"2022-02-22T18:39:00","slug":"outputs","status":"publish","type":"page","link":"https:\/\/ccp-law.eu\/es\/outputs\/","title":{"rendered":"Resultados"},"content":{"rendered":"<p>[vc_row][vc_column][vc_column_text]Los siguientes paquetes de trabajo se elaborar\u00e1n durante la vida \u00fatil del proyecto:[\/vc_column_text][\/vc_column][\/vc_row][vc_row][vc_column][vc_single_image image=\u00bb47&#8243; img_size=\u00bbfull\u00bb][\/vc_column][\/vc_row][vc_row][vc_column][vc_column_text]<strong>1. Paquete de trabajo 1: Preparaci\u00f3n<\/strong><\/p>\n<p>El objetivo principal del Paquete de Trabajo (<em>Working Package<\/em>, WP) 1 es identificar y evaluar los problemas del cambio clim\u00e1tico que se considerar\u00e1n durante la preparaci\u00f3n del WP2 y proporcionar informaci\u00f3n clara sobre los principales desaf\u00edos ambientales y de CC, la pol\u00edtica actual, el marco legislativo e institucional y las estrategias tanto en Europa como en Programas educativos en los pa\u00edses participantes.<\/p>\n<p><strong>2. Paquete de trabajo 2: Desarrollo &#8211; Plan de estudios CCP_Law y desarrollo del entorno de aprendizaje virtual<\/strong><\/p>\n<p>El principal objetivo del WP2 es dise\u00f1ar y desarrollar los cursos principales sobre CCP_Law. El desarrollo de los programas comenzar\u00e1 con la organizaci\u00f3n de una visita de estudio en Girona, Espa\u00f1a, para intercambiar buenas pr\u00e1cticas, puntos de vista sobre metodolog\u00edas de ense\u00f1anza innovadoras y contenido del curso. A continuaci\u00f3n, los socios de la UE establecer\u00e1n el esquema del curso y la metodolog\u00eda utilizada, que se modificar\u00e1 en funci\u00f3n de las necesidades. Este curso se adaptar\u00e1 a las necesidades de cada instituci\u00f3n de educaci\u00f3n superior de los pa\u00edses participantes.<\/p>\n<p><strong>3. Paquete de trabajo 3: Fomento de la capacidad en materia de pol\u00edticas y Derecho sobre cambio clim\u00e1tico y a distancia<\/strong><\/p>\n<p>El objetivo del WP3 es tener un impacto en el desarrollo profesional de los acad\u00e9micos como expertos en Derecho y pol\u00edtica del cambio clim\u00e1tico y en su capacidad y confianza en la integraci\u00f3n efectiva de las TIC y los Recursos Educativos Abiertos (Open Educational Resources, OER) en las actividades del curso, de una manera \u00abcentrada en el aprendizaje\u00bb.<\/p>\n<p>Los principales objetivos del WP3 son:<\/p>\n<p>1) desarrollar la capacidad sobre CCP_Law del personal acad\u00e9mico mediante una capacitaci\u00f3n de replicaci\u00f3n.<\/p>\n<p>2) dise\u00f1ar, preparar e implementar cursos sobre TIC y OER, dirigidos al personal acad\u00e9mico \/ docente de la Universidad, con el objetivo de avanzar en su conocimiento en las nuevas tendencias educativas, y utilizar eficazmente las tecnolog\u00edas de la informaci\u00f3n para identificarse como cient\u00edficos en la investigaci\u00f3n y en el entorno del estudiante tambi\u00e9n.<\/p>\n<p><strong>4. Paquete de trabajo 4: Programas de estudios sobre pol\u00edticas de cambio clim\u00e1tico y ejecuci\u00f3n de leyes e infraestructura<\/strong><\/p>\n<p>En el WP4, se llevar\u00e1n a cabo todas las actividades para operar el nuevo y mejorado Programa de M\u00e1ster en Pol\u00edtica y Derecho del Cambio Clim\u00e1tico y los entregables que se han llevado a cabo anteriormente en el proyecto se pondr\u00e1n a prueba a medida que las instituciones de educaci\u00f3n superior asi\u00e1ticas asociadas impartan el programa.<\/p>\n<p><strong>5. Paquete de trabajo 5: Procedimientos de evaluaci\u00f3n y calidad<\/strong><\/p>\n<p>El objetivo de este WP es asegurar que las actividades se lleven a cabo con la mejor metodolog\u00eda y est\u00e9n proporcionando resultados relevantes y s\u00f3lidos. La calidad de las actividades y los resultados del proyecto ser\u00e1n monitoreados tanto en evaluaciones internas como externas, as\u00ed como en los indicadores apropiados para medir el desempe\u00f1o.<\/p>\n<p><strong>6. Paquete de trabajo 6: Difusi\u00f3n y explotaci\u00f3n de los resultados del proyecto<\/strong><\/p>\n<p>Las actividades de difusi\u00f3n y explotaci\u00f3n se llevar\u00e1n a cabo en dos planes orientados a resaltar las actividades de comunicaci\u00f3n interna \/ externa que deben desarrollarse en las etapas clave de la vida de la acci\u00f3n.<\/p>\n<p><strong>7. Paquete de trabajo 7: Gesti\u00f3n y coordinaci\u00f3n CCP-LAW<\/strong><\/p>\n<p>Los objetivos de este WP son proporcionar una estructura ligera entre los participantes en el consorcio y establecer un entendimiento com\u00fan, as\u00ed como un intercambio de informaci\u00f3n cooperativo y fruct\u00edfero y garantizar una implementaci\u00f3n fluida del proyecto tanto desde el punto de vista t\u00e9cnico como administrativo \/ financiero.[\/vc_column_text][\/vc_column][\/vc_row]<\/p>\n","protected":false},"excerpt":{"rendered":"<p>[vc_row][vc_column][vc_column_text]Los siguientes paquetes de trabajo se elaborar\u00e1n durante la vida \u00fatil del proyecto:[\/vc_column_text][\/vc_column][\/vc_row][vc_row][vc_column][vc_single_image image=\u00bb47&#8243; img_size=\u00bbfull\u00bb][\/vc_column][\/vc_row][vc_row][vc_column][vc_column_text]1. Paquete de trabajo 1: Preparaci\u00f3n El objetivo principal del Paquete de Trabajo (Working Package, WP) 1 es identificar y evaluar los problemas del cambio clim\u00e1tico que se considerar\u00e1n durante la preparaci\u00f3n del WP2 y proporcionar informaci\u00f3n clara sobre los principales&hellip;<\/p>\n","protected":false},"author":1,"featured_media":0,"parent":0,"menu_order":0,"comment_status":"closed","ping_status":"closed","template":"","meta":{"footnotes":""},"class_list":["post-501","page","type-page","status-publish","hentry","description-off"],"_links":{"self":[{"href":"https:\/\/ccp-law.eu\/es\/wp-json\/wp\/v2\/pages\/501","targetHints":{"allow":["GET"]}}],"collection":[{"href":"https:\/\/ccp-law.eu\/es\/wp-json\/wp\/v2\/pages"}],"about":[{"href":"https:\/\/ccp-law.eu\/es\/wp-json\/wp\/v2\/types\/page"}],"author":[{"embeddable":true,"href":"https:\/\/ccp-law.eu\/es\/wp-json\/wp\/v2\/users\/1"}],"replies":[{"embeddable":true,"href":"https:\/\/ccp-law.eu\/es\/wp-json\/wp\/v2\/comments?post=501"}],"version-history":[{"count":2,"href":"https:\/\/ccp-law.eu\/es\/wp-json\/wp\/v2\/pages\/501\/revisions"}],"predecessor-version":[{"id":543,"href":"https:\/\/ccp-law.eu\/es\/wp-json\/wp\/v2\/pages\/501\/revisions\/543"}],"wp:attachment":[{"href":"https:\/\/ccp-law.eu\/es\/wp-json\/wp\/v2\/media?parent=501"}],"curies":[{"name":"wp","href":"https:\/\/api.w.org\/{rel}","templated":true}]}}