{"id":507,"date":"2021-11-02T19:23:46","date_gmt":"2021-11-02T19:23:46","guid":{"rendered":"https:\/\/ccp-law.eu\/target-groups\/"},"modified":"2022-02-22T18:43:32","modified_gmt":"2022-02-22T18:43:32","slug":"target-groups","status":"publish","type":"page","link":"https:\/\/ccp-law.eu\/es\/target-groups\/","title":{"rendered":"Grupos a los que se destina"},"content":{"rendered":"<p>[vc_row type=\u00bbvc_default\u00bb][vc_column][vc_column_text]<\/p>\n<h3>CCP-LAW se dirige a las siguientes 4 categor\u00edas de grupos destinatarios:<\/h3>\n<p>[\/vc_column_text][\/vc_column][\/vc_row][vc_row type=\u00bbvc_default\u00bb gap=\u00bb20&#8243; equal_height=\u00bbyes\u00bb content_placement=\u00bbmiddle\u00bb][vc_column width=\u00bb1\/2&#8243; css=\u00bb.vc_custom_1635880994067{background-color: #1e73be !important;}\u00bb][vc_column_text css=\u00bb.vc_custom_1645555545657{padding-top: 40px !important;padding-right: 50px !important;padding-bottom: 40px !important;padding-left: 50px !important;}\u00bb]<\/p>\n<p style=\"text-align: center;\"><span style=\"color: #ffffff;\">1. Personal docente e investigador de las instituciones de educaci\u00f3n superior de los pa\u00edses participantes<br \/>\n<\/span><\/p>\n<p>[\/vc_column_text][\/vc_column][vc_column width=\u00bb1\/2&#8243; css=\u00bb.vc_custom_1635881552974{background-color: #24e2e2 !important;}\u00bb][vc_column_text css=\u00bb.vc_custom_1645555564409{padding-top: 45px !important;padding-right: 50px !important;padding-bottom: 45px !important;padding-left: 50px !important;}\u00bb]<\/p>\n<p style=\"text-align: center;\"><span style=\"color: #ffffff;\">2. Profesionales del Derecho, legisladores, gestores de proyecto, funcionarios del Gobierno, y auditores en asuntos medioambientales<br \/>\n<\/span><\/p>\n<p>[\/vc_column_text][\/vc_column][\/vc_row][vc_row type=\u00bbvc_default\u00bb gap=\u00bb20&#8243; equal_height=\u00bbyes\u00bb content_placement=\u00bbmiddle\u00bb][vc_column width=\u00bb1\/2&#8243; css=\u00bb.vc_custom_1635881520522{background-color: #42d69b !important;}\u00bb][vc_column_text css=\u00bb.vc_custom_1645555581295{padding-right: 50px !important;padding-left: 50px !important;}\u00bb]<\/p>\n<p style=\"text-align: center;\"><span style=\"color: #ffffff;\">3. Graduados de las siguientes Facultades: ciencias ambientales, estudios cient\u00edfico-sociales del medio ambiente, ciencias naturales o ingenier\u00eda ambiental, u otro campo adecuado en las ciencias sociales o el Derecho<br \/>\n<\/span><\/p>\n<p>[\/vc_column_text][\/vc_column][vc_column width=\u00bb1\/2&#8243; css=\u00bb.vc_custom_1635881457692{background-color: #62b200 !important;}\u00bb][vc_column_text css=\u00bb.vc_custom_1645555597434{padding-right: 50px !important;padding-left: 50px !important;}\u00bb]<\/p>\n<p style=\"text-align: center;\"><span style=\"color: #ffffff;\">4. Liderazgo nacional y local, todas las partes interesadas relevantes en legislaci\u00f3n y pol\u00edtica ambientales como think-tanks, organizaciones del sector privado, o la sociedad civil o sociedad en general<br \/>\n<\/span><\/p>\n<p>[\/vc_column_text][\/vc_column][\/vc_row][vc_row type=\u00bbvc_default\u00bb css=\u00bb.vc_custom_1635881759687{padding-top: 50px !important;}\u00bb][vc_column][vc_column_text]<strong>1. Personal acad\u00e9mico e investigadores que trabajan en las instituciones de educaci\u00f3n superior de los pa\u00edses socios<\/strong><\/p>\n<p>Se capacitar\u00e1 al personal acad\u00e9mico, docente y de apoyo en el contenido y metodolog\u00eda de los nuevos planes de estudio del Programa Educativo en Pol\u00edtica y Derecho del Cambio Clim\u00e1tico (CC) Global.<\/p>\n<p>Un grupo m\u00e1s grande de personal docente (acad\u00e9micos, profesores e investigadores) recibir\u00e1 capacitaci\u00f3n en l\u00ednea para el desarrollo de capacidades en metodolog\u00edas de ense\u00f1anza innovadoras basadas en las TIC y el uso del aprendizaje abierto y flexible implementado en las instituciones de educaci\u00f3n superior de la UE.<\/p>\n<p><strong>2. Profesionales jur\u00eddicos, encargados de la formulaci\u00f3n de pol\u00edticas, directores de proyectos, funcionarios gubernamentales y auditores de cuestiones ambientales<\/strong><\/p>\n<p>Desarrollar\u00e1n la capacidad anal\u00edtica de pol\u00edticas a trav\u00e9s de este programa educativo multidisciplinario que se ofrecer\u00e1 a nivel de diploma de posgrado (PGDIp) o alternativamente como M\u00e1ster en Derecho (LLM) dependiendo de la decisi\u00f3n final de cada instituci\u00f3n de educaci\u00f3n superior asociada. Ser\u00e1n guiados y altamente capacitados para orientar la formulaci\u00f3n de pol\u00edticas, la toma de decisiones y la innovaci\u00f3n en funci\u00f3n de su conocimiento sobre la legislaci\u00f3n y las pol\u00edticas de cambio clim\u00e1tico.<\/p>\n<p><strong>3. Graduados de las siguientes escuelas: ciencias ambientales, estudios ambientales cient\u00edfico-sociales, ciencias naturales o ingenier\u00eda ambiental, o un campo apropiado en ciencias sociales o Derecho.<\/strong><\/p>\n<p>Los graduados del programa educativo ser\u00e1n introducidos en el campo del Derecho y la pol\u00edtica clim\u00e1tica a nivel nacional e internacional y estimular\u00e1n una conciencia cr\u00edtica sobre el funcionamiento de la pol\u00edtica ambiental internacional y el Derecho del CC.<\/p>\n<p><strong>4. Liderazgo nacional y local, todos los interesados \u200b\u200bpertinentes en la legislaci\u00f3n y las pol\u00edticas ambientales, como grupos de expertos, organizaciones del sector privado y grupos de la sociedad civil y la sociedad en general<\/strong><\/p>\n<p>Se abordar\u00e1 especialmente la participaci\u00f3n activa de los gobiernos locales y centrales para motivar la formulaci\u00f3n de pol\u00edticas s\u00f3lidas de cambio clim\u00e1tico que apoyen las contribuciones determinadas a nivel nacional y la mejora de las m\u00e1s antiguas.[\/vc_column_text][\/vc_column][\/vc_row]<\/p>\n","protected":false},"excerpt":{"rendered":"<p>[vc_row type=\u00bbvc_default\u00bb][vc_column][vc_column_text] CCP-LAW se dirige a las siguientes 4 categor\u00edas de grupos destinatarios: [\/vc_column_text][\/vc_column][\/vc_row][vc_row type=\u00bbvc_default\u00bb gap=\u00bb20&#8243; equal_height=\u00bbyes\u00bb content_placement=\u00bbmiddle\u00bb][vc_column width=\u00bb1\/2&#8243; css=\u00bb.vc_custom_1635880994067{background-color: #1e73be !important;}\u00bb][vc_column_text css=\u00bb.vc_custom_1645555545657{padding-top: 40px !important;padding-right: 50px !important;padding-bottom: 40px !important;padding-left: 50px !important;}\u00bb] 1. Personal docente e investigador de las instituciones de educaci\u00f3n superior de los pa\u00edses participantes [\/vc_column_text][\/vc_column][vc_column width=\u00bb1\/2&#8243; css=\u00bb.vc_custom_1635881552974{background-color: #24e2e2 !important;}\u00bb][vc_column_text css=\u00bb.vc_custom_1645555564409{padding-top: 45px !important;padding-right: 50px&hellip;<\/p>\n","protected":false},"author":1,"featured_media":0,"parent":0,"menu_order":0,"comment_status":"closed","ping_status":"closed","template":"","meta":{"footnotes":""},"class_list":["post-507","page","type-page","status-publish","hentry","description-off"],"_links":{"self":[{"href":"https:\/\/ccp-law.eu\/es\/wp-json\/wp\/v2\/pages\/507","targetHints":{"allow":["GET"]}}],"collection":[{"href":"https:\/\/ccp-law.eu\/es\/wp-json\/wp\/v2\/pages"}],"about":[{"href":"https:\/\/ccp-law.eu\/es\/wp-json\/wp\/v2\/types\/page"}],"author":[{"embeddable":true,"href":"https:\/\/ccp-law.eu\/es\/wp-json\/wp\/v2\/users\/1"}],"replies":[{"embeddable":true,"href":"https:\/\/ccp-law.eu\/es\/wp-json\/wp\/v2\/comments?post=507"}],"version-history":[{"count":2,"href":"https:\/\/ccp-law.eu\/es\/wp-json\/wp\/v2\/pages\/507\/revisions"}],"predecessor-version":[{"id":545,"href":"https:\/\/ccp-law.eu\/es\/wp-json\/wp\/v2\/pages\/507\/revisions\/545"}],"wp:attachment":[{"href":"https:\/\/ccp-law.eu\/es\/wp-json\/wp\/v2\/media?parent=507"}],"curies":[{"name":"wp","href":"https:\/\/api.w.org\/{rel}","templated":true}]}}