{"id":521,"date":"2024-04-11T10:28:53","date_gmt":"2024-04-11T10:28:53","guid":{"rendered":"https:\/\/ccp-law.eu\/cources\/"},"modified":"2025-03-12T11:08:55","modified_gmt":"2025-03-12T11:08:55","slug":"cources","status":"publish","type":"page","link":"https:\/\/ccp-law.eu\/es\/cources\/","title":{"rendered":"COURSES"},"content":{"rendered":"<p>Bienvenido al M\u00e1ster en Derecho y Pol\u00edticas sobre el Cambio Clim\u00e1tico! Este curso integral explora los aspectos legales, \u00e9ticos y de gobernanza del cambio clim\u00e1tico, ofreciendo informaci\u00f3n sobre los principales marcos pol\u00edticos, acuerdos internacionales y pr\u00e1cticas de gobernanza corporativa.<\/p>\n<p>Estar\u00e1 disponible en 2024 y estar\u00e1 estructurado en los siguientes contenidos:<\/p>\n<ul>\n<li><strong>Pol\u00edtica, Gobernanza y Valores del Cambio Clim\u00e1tico<\/strong>: este tema abordar\u00e1 los desaf\u00edos de pasar a una econom\u00eda baja en carbono y adaptarse al cambio clim\u00e1tico, y c\u00f3mo influyen en el desarrollo global y regional<\/li>\n<li><strong>Derecho Internacional y de la UE sobre Medio Ambiente y Cambio Clim\u00e1tico:<\/strong> este tema proporcionar\u00e1 una visi\u00f3n general completa de los desarrollos contempor\u00e1neos en el derecho internacional con respecto a la protecci\u00f3n del medio ambiente y el uso sostenible de los recursos naturales<\/li>\n<li><strong>Derecho sobre Cambio Clim\u00e1tico y Residuos:<\/strong> este tema cubrir\u00e1 los marcos legales internacionales, regionales y nacionales que rigen el cambio clim\u00e1tico y la gesti\u00f3n de residuos<\/li>\n<li><strong>Cambio Clim\u00e1tico, Derechos Humanos y Derecho Migratorio:<\/strong> El objetivo de este tema es abordar la necesidad de que la comunidad internacional tenga en cuenta las obligaciones internacionales en materia de derechos humanos a la hora de definir la lucha contra el cambio clim\u00e1tico.<\/li>\n<li><strong>Resoluci\u00f3n de Conflictos Relacionados con el Cambio Clim\u00e1tico:<\/strong> Este tema explora cu\u00e1les son los principales tipos de conflictos que surgen en relaci\u00f3n con el problema del cambio clim\u00e1tico, qui\u00e9nes son los diferentes actores involucrados y cu\u00e1les son los medios m\u00e1s importantes para resolver dichos conflictos<\/li>\n<li><strong>Gobierno Corporativo y Cambio Clim\u00e1tico:<\/strong> este tema examinar\u00e1 la relaci\u00f3n entre el gobierno corporativo y el cambio clim\u00e1tico, con especial \u00e9nfasis en el papel de las empresas en la mitigaci\u00f3n y adaptaci\u00f3n al cambio clim\u00e1tico.<\/li>\n<li><strong>La Ciencia del Cambio Clim\u00e1tico:<\/strong> mitigaci\u00f3n y adaptaci\u00f3n: este m\u00f3dulo explora la base cient\u00edfica del desaf\u00edo global que supone el cambio clim\u00e1tico, y c\u00f3mo podr\u00edamos empezar a mitigarlo, as\u00ed como sus efectos, en la Tierra.<\/li>\n<li><strong>Cambio Clim\u00e1tico y Energ\u00eda:<\/strong> Este m\u00f3dulo proporcionar\u00e1 una comprensi\u00f3n profunda de la relaci\u00f3n entre el consumo de energ\u00eda y el cambio clim\u00e1tico, de la gesti\u00f3n de la energ\u00eda y la reducci\u00f3n de la demanda de energ\u00eda, y de las diversas formas en que podemos trabajar hacia un futuro de energ\u00eda sostenible y renovable.<\/li>\n<li><strong>Cambio Clim\u00e1tico y Desarrollo Sostenible:<\/strong> Este m\u00f3dulo analizar\u00e1 la legislaci\u00f3n sobre desarrollo sostenible en relaci\u00f3n con el cambio clim\u00e1tico. La legislaci\u00f3n sobre desarrollo sostenible es un campo emergente en la encrucijada entre el derecho ambiental internacional y el derecho econ\u00f3mico.<\/li>\n<li><strong>La Econom\u00eda del Cambio Clim\u00e1tico:<\/strong> Este m\u00f3dulo abordar\u00e1 la relaci\u00f3n entre el clima y el desarrollo, c\u00f3mo se miden los costes y beneficios de la mitigaci\u00f3n y las fortalezas y debilidades del mercado del carbono<\/li>\n<li><strong>Prevenci\u00f3n y Gesti\u00f3n de Riesgos Medioambientales:<\/strong> Este m\u00f3dulo examinar\u00e1 el proceso de identificaci\u00f3n de los riesgos asociados a las actividades humanas, como los procesos industriales, el transporte, la gesti\u00f3n de residuos y la construcci\u00f3n.<\/li>\n<\/ul>\n<p>Puede acceder a la plataforma de aprendizaje virtual <a href=\"https:\/\/testing.ccplaw.eu\/\">aqu\u00ed.<\/a><\/p>\n<p>&nbsp;<\/p>\n<p>&nbsp;<\/p>\n<p>&nbsp;<\/p>\n<p>&nbsp;<\/p>\n<p>&nbsp;<\/p>\n<p>&nbsp;<\/p>\n<p>&nbsp;<\/p>\n<p>&nbsp;<\/p>\n<p>&nbsp;<\/p>\n<p>&nbsp;<\/p>\n<p>&nbsp;<\/p>\n<p>&nbsp;<\/p>\n","protected":false},"excerpt":{"rendered":"<p>Bienvenido al M\u00e1ster en Derecho y Pol\u00edticas sobre el Cambio Clim\u00e1tico! Este curso integral explora los aspectos legales, \u00e9ticos y de gobernanza del cambio clim\u00e1tico, ofreciendo informaci\u00f3n sobre los principales marcos pol\u00edticos, acuerdos internacionales y pr\u00e1cticas de gobernanza corporativa. Estar\u00e1 disponible en 2024 y estar\u00e1 estructurado en los siguientes contenidos: Pol\u00edtica, Gobernanza y Valores del&hellip;<\/p>\n","protected":false},"author":1,"featured_media":0,"parent":0,"menu_order":0,"comment_status":"closed","ping_status":"closed","template":"","meta":{"footnotes":""},"class_list":["post-521","page","type-page","status-publish","hentry","description-off"],"_links":{"self":[{"href":"https:\/\/ccp-law.eu\/es\/wp-json\/wp\/v2\/pages\/521","targetHints":{"allow":["GET"]}}],"collection":[{"href":"https:\/\/ccp-law.eu\/es\/wp-json\/wp\/v2\/pages"}],"about":[{"href":"https:\/\/ccp-law.eu\/es\/wp-json\/wp\/v2\/types\/page"}],"author":[{"embeddable":true,"href":"https:\/\/ccp-law.eu\/es\/wp-json\/wp\/v2\/users\/1"}],"replies":[{"embeddable":true,"href":"https:\/\/ccp-law.eu\/es\/wp-json\/wp\/v2\/comments?post=521"}],"version-history":[{"count":5,"href":"https:\/\/ccp-law.eu\/es\/wp-json\/wp\/v2\/pages\/521\/revisions"}],"predecessor-version":[{"id":3714,"href":"https:\/\/ccp-law.eu\/es\/wp-json\/wp\/v2\/pages\/521\/revisions\/3714"}],"wp:attachment":[{"href":"https:\/\/ccp-law.eu\/es\/wp-json\/wp\/v2\/media?parent=521"}],"curies":[{"name":"wp","href":"https:\/\/api.w.org\/{rel}","templated":true}]}}