{"id":529,"date":"2021-11-02T20:00:06","date_gmt":"2021-11-02T20:00:06","guid":{"rendered":"https:\/\/ccp-law.eu\/home\/"},"modified":"2022-02-23T09:24:14","modified_gmt":"2022-02-23T09:24:14","slug":"home","status":"publish","type":"page","link":"https:\/\/ccp-law.eu\/es\/","title":{"rendered":"HOME"},"content":{"rendered":"<p>[vc_row type=\u00bbvc_default\u00bb equal_height=\u00bbyes\u00bb content_placement=\u00bbmiddle\u00bb][vc_column width=\u00bb1\/2&#8243;][vc_column_text]<strong>El objetivo del proyecto es desarrollar, probar y adaptar nuevos planes de estudio en el campo del Derecho del Cambio Clim\u00e1tico (CC). <\/strong><\/p>\n<p>Espec\u00edficamente, la integraci\u00f3n de un programa educativo multidisciplinario en Pol\u00edtica y Derecho Global del CC, ofrecido a nivel de Diploma de Postgrado (PGDIp) o alternativamente como M\u00e1ster en Derecho (LLM), dependiendo de la decisi\u00f3n final de cada instituci\u00f3n de educaci\u00f3n superior participante, tendr\u00e1 como objetivo abordar la necesidad de una nueva generaci\u00f3n de postgraduados en un LLM con el que adquirir\u00e1n una experiencia de alto nivel en pol\u00edticas ambientales y Derecho del CC.[\/vc_column_text][\/vc_column][vc_column width=\u00bb1\/2&#8243;][vc_single_image image=\u00bb98&#8243; img_size=\u00bbfull\u00bb][\/vc_column][\/vc_row][vc_row css=\u00bb.vc_custom_1560847925785{padding-top: 60px !important;padding-bottom: 10px !important;}\u00bb][vc_column][vc_row_inner equal_height=\u00bbyes\u00bb][vc_column_inner width=\u00bb1\/3&#8243; css=\u00bb.vc_custom_1560417813494{padding-bottom: 50px !important;}\u00bb]<style type=\"text\/css\" data-type=\"the7_shortcodes-inline-css\">.shortcode-single-image-wrap.shortcode-single-image-8e77c3a136907c98dfe242b255de0bd4.enable-bg-rollover .rollover i,\n.shortcode-single-image-wrap.shortcode-single-image-8e77c3a136907c98dfe242b255de0bd4.enable-bg-rollover .rollover-video i {\n  background: -webkit-linear-gradient();\n  background: linear-gradient();\n}\n.shortcode-single-image-wrap.shortcode-single-image-8e77c3a136907c98dfe242b255de0bd4 .rollover-icon {\n  font-size: 32px;\n  color: #ffffff;\n  min-width: 44px;\n  min-height: 44px;\n  line-height: 44px;\n  border-radius: 100px;\n  border-style: solid;\n  border-width: 0px;\n}\n.dt-icon-bg-on.shortcode-single-image-wrap.shortcode-single-image-8e77c3a136907c98dfe242b255de0bd4 .rollover-icon {\n  background: rgba(255,255,255,0.3);\n  box-shadow: none;\n}\n<\/style><div class=\"shortcode-single-image-wrap shortcode-single-image-8e77c3a136907c98dfe242b255de0bd4 alignnone  vc_custom_1645608043919 enable-bg-rollover dt-icon-bg-off\" ><div class=\"shortcode-single-image\"><div class=\"fancy-media-wrap\" style=\"\"><a href=\"https:\/\/ccp-law.eu\/es\/information\/\" class=\" layzr-bg rollover\" style=\"\" aria-label=\"Image\"><img loading=\"lazy\" decoding=\"async\" class=\"preload-me lazy-load\" src=\"data:image\/svg+xml,%3Csvg%20xmlns%3D&#39;http%3A%2F%2Fwww.w3.org%2F2000%2Fsvg&#39;%20viewBox%3D&#39;0%200%20200%20200&#39;%2F%3E\" data-src=\"https:\/\/ccp-law.eu\/wp-content\/uploads\/2021\/11\/1-home-inner-750x500-1-200x200.jpg\" data-srcset=\"https:\/\/ccp-law.eu\/wp-content\/uploads\/2021\/11\/1-home-inner-750x500-1-200x200.jpg 200w, https:\/\/ccp-law.eu\/wp-content\/uploads\/2021\/11\/1-home-inner-750x500-1-400x400.jpg 400w\" width=\"200\" height=\"200\"  data-dt-location=\"https:\/\/ccp-law.eu\/es\/home\/1-home-inner-750x500\/\" alt=\"\" \/><\/a><\/div><\/div><\/div><div id=\"ultimate-heading-20769f5c92fcaffd\" class=\"uvc-heading ult-adjust-bottom-margin ultimate-heading-20769f5c92fcaffd uvc-665 \" data-hspacer=\"no_spacer\"  data-halign=\"center\" style=\"text-align:center\"><div class=\"uvc-heading-spacer no_spacer\" style=\"top\"><\/div><div class=\"uvc-main-heading ult-responsive\"  data-ultimate-target='.uvc-heading.ultimate-heading-20769f5c92fcaffd h2'  data-responsive-json-new='{\"font-size\":\"desktop:24px;\",\"line-height\":\"desktop:34px;\"}' ><h2 style=\"font-weight:bold;margin-bottom:20px;\">EL PROYECTO<\/h2><\/div><\/div><style type=\"text\/css\" data-type=\"the7_shortcodes-inline-css\">#default-btn-f1bf93bbaa7cdcd04f9b98825c25f0ee.ico-right-side > i {\n  margin-right: 0px;\n  margin-left: 8px;\n}\n#default-btn-f1bf93bbaa7cdcd04f9b98825c25f0ee > i {\n  margin-right: 8px;\n}\n<\/style><div class=\"btn-align-center\"><a href=\"https:\/\/ccp-law.eu\/es\/information\/\" class=\"default-btn-shortcode dt-btn dt-btn-m link-hover-off \" id=\"default-btn-f1bf93bbaa7cdcd04f9b98825c25f0ee\" title=\"Information\"><span>Read More<\/span><\/a><\/div>[\/vc_column_inner][vc_column_inner width=\u00bb1\/3&#8243; css=\u00bb.vc_custom_1560417805392{padding-bottom: 50px !important;}\u00bb]<style type=\"text\/css\" data-type=\"the7_shortcodes-inline-css\">.shortcode-single-image-wrap.shortcode-single-image-a9a11f5c8315e5833f72d748f4dede60.enable-bg-rollover .rollover i,\n.shortcode-single-image-wrap.shortcode-single-image-a9a11f5c8315e5833f72d748f4dede60.enable-bg-rollover .rollover-video i {\n  background: -webkit-linear-gradient();\n  background: linear-gradient();\n}\n.shortcode-single-image-wrap.shortcode-single-image-a9a11f5c8315e5833f72d748f4dede60 .rollover-icon {\n  font-size: 32px;\n  color: #ffffff;\n  min-width: 44px;\n  min-height: 44px;\n  line-height: 44px;\n  border-radius: 100px;\n  border-style: solid;\n  border-width: 0px;\n}\n.dt-icon-bg-on.shortcode-single-image-wrap.shortcode-single-image-a9a11f5c8315e5833f72d748f4dede60 .rollover-icon {\n  background: rgba(255,255,255,0.3);\n  box-shadow: none;\n}\n<\/style><div class=\"shortcode-single-image-wrap shortcode-single-image-a9a11f5c8315e5833f72d748f4dede60 alignnone  vc_custom_1645608072949 enable-bg-rollover dt-icon-bg-off\" ><div class=\"shortcode-single-image\"><div class=\"fancy-media-wrap\" style=\"\"><a href=\"https:\/\/ccp-law.eu\/es\/partnership\/\" class=\" layzr-bg rollover\" style=\"\" aria-label=\"Image\"><img loading=\"lazy\" decoding=\"async\" class=\"preload-me lazy-load\" src=\"data:image\/svg+xml,%3Csvg%20xmlns%3D&#39;http%3A%2F%2Fwww.w3.org%2F2000%2Fsvg&#39;%20viewBox%3D&#39;0%200%20200%20200&#39;%2F%3E\" data-src=\"https:\/\/ccp-law.eu\/wp-content\/uploads\/2021\/11\/2-home-inner-750x500-1-200x200.jpg\" data-srcset=\"https:\/\/ccp-law.eu\/wp-content\/uploads\/2021\/11\/2-home-inner-750x500-1-200x200.jpg 200w, https:\/\/ccp-law.eu\/wp-content\/uploads\/2021\/11\/2-home-inner-750x500-1-400x400.jpg 400w\" width=\"200\" height=\"200\"  data-dt-location=\"https:\/\/ccp-law.eu\/es\/home\/2-home-inner-750x500\/\" alt=\"\" \/><\/a><\/div><\/div><\/div><div id=\"ultimate-heading-639669f5c92fcbba7\" class=\"uvc-heading ult-adjust-bottom-margin ultimate-heading-639669f5c92fcbba7 uvc-2620 \" data-hspacer=\"no_spacer\"  data-halign=\"center\" style=\"text-align:center\"><div class=\"uvc-heading-spacer no_spacer\" style=\"top\"><\/div><div class=\"uvc-main-heading ult-responsive\"  data-ultimate-target='.uvc-heading.ultimate-heading-639669f5c92fcbba7 h2'  data-responsive-json-new='{\"font-size\":\"desktop:24px;\",\"line-height\":\"desktop:34px;\"}' ><h2 style=\"font-weight:bold;margin-bottom:20px;\">MIEMBROS<\/h2><\/div><\/div><style type=\"text\/css\" data-type=\"the7_shortcodes-inline-css\">#default-btn-f5501dc384fc47088c878d653e2dfed2.ico-right-side > i {\n  margin-right: 0px;\n  margin-left: 8px;\n}\n#default-btn-f5501dc384fc47088c878d653e2dfed2 > i {\n  margin-right: 8px;\n}\n<\/style><div class=\"btn-align-center\"><a href=\"https:\/\/ccp-law.eu\/es\/partnership\/\" class=\"default-btn-shortcode dt-btn dt-btn-m link-hover-off \" id=\"default-btn-f5501dc384fc47088c878d653e2dfed2\" title=\"Information\"><span>Read More<\/span><\/a><\/div>[\/vc_column_inner][vc_column_inner width=\u00bb1\/3&#8243; css=\u00bb.vc_custom_1560417810424{padding-bottom: 50px !important;}\u00bb]<style type=\"text\/css\" data-type=\"the7_shortcodes-inline-css\">.shortcode-single-image-wrap.shortcode-single-image-50672f9a1da805231f4e03b8a5a83113.enable-bg-rollover .rollover i,\n.shortcode-single-image-wrap.shortcode-single-image-50672f9a1da805231f4e03b8a5a83113.enable-bg-rollover .rollover-video i {\n  background: -webkit-linear-gradient();\n  background: linear-gradient();\n}\n.shortcode-single-image-wrap.shortcode-single-image-50672f9a1da805231f4e03b8a5a83113 .rollover-icon {\n  font-size: 32px;\n  color: #ffffff;\n  min-width: 44px;\n  min-height: 44px;\n  line-height: 44px;\n  border-radius: 100px;\n  border-style: solid;\n  border-width: 0px;\n}\n.dt-icon-bg-on.shortcode-single-image-wrap.shortcode-single-image-50672f9a1da805231f4e03b8a5a83113 .rollover-icon {\n  background: rgba(255,255,255,0.3);\n  box-shadow: none;\n}\n<\/style><div class=\"shortcode-single-image-wrap shortcode-single-image-50672f9a1da805231f4e03b8a5a83113 alignnone  vc_custom_1645608106246 enable-bg-rollover dt-icon-bg-off\" ><div class=\"shortcode-single-image\"><div class=\"fancy-media-wrap\" style=\"\"><a href=\"https:\/\/ccp-law.eu\/es\/cources\/\" class=\" layzr-bg rollover\" style=\"\" aria-label=\"Image\"><img loading=\"lazy\" decoding=\"async\" class=\"preload-me lazy-load\" src=\"data:image\/svg+xml,%3Csvg%20xmlns%3D&#39;http%3A%2F%2Fwww.w3.org%2F2000%2Fsvg&#39;%20viewBox%3D&#39;0%200%20200%20200&#39;%2F%3E\" data-src=\"https:\/\/ccp-law.eu\/wp-content\/uploads\/2021\/11\/3-home-inner-750x500-1-200x200.jpg\" data-srcset=\"https:\/\/ccp-law.eu\/wp-content\/uploads\/2021\/11\/3-home-inner-750x500-1-200x200.jpg 200w, https:\/\/ccp-law.eu\/wp-content\/uploads\/2021\/11\/3-home-inner-750x500-1-400x400.jpg 400w\" width=\"200\" height=\"200\"  data-dt-location=\"https:\/\/ccp-law.eu\/es\/home\/3-home-inner-750x500\/\" alt=\"\" \/><\/a><\/div><\/div><\/div><div id=\"ultimate-heading-755469f5c92fcc544\" class=\"uvc-heading ult-adjust-bottom-margin ultimate-heading-755469f5c92fcc544 uvc-4330 \" data-hspacer=\"no_spacer\"  data-halign=\"center\" style=\"text-align:center\"><div class=\"uvc-heading-spacer no_spacer\" style=\"top\"><\/div><div class=\"uvc-main-heading ult-responsive\"  data-ultimate-target='.uvc-heading.ultimate-heading-755469f5c92fcc544 h2'  data-responsive-json-new='{\"font-size\":\"desktop:24px;\",\"line-height\":\"desktop:34px;\"}' ><h2 style=\"font-weight:bold;margin-bottom:20px;\">CURSOS<\/h2><\/div><\/div><style type=\"text\/css\" data-type=\"the7_shortcodes-inline-css\">#default-btn-70c75a615c7526cd34efafeae3130148.ico-right-side > i {\n  margin-right: 0px;\n  margin-left: 8px;\n}\n#default-btn-70c75a615c7526cd34efafeae3130148 > i {\n  margin-right: 8px;\n}\n<\/style><div class=\"btn-align-center\"><a href=\"https:\/\/ccp-law.eu\/es\/cources\/\" class=\"default-btn-shortcode dt-btn dt-btn-m link-hover-off \" id=\"default-btn-70c75a615c7526cd34efafeae3130148\" title=\"Information\"><span>Read More<\/span><\/a><\/div>[\/vc_column_inner][\/vc_row_inner][vc_row_inner equal_height=\u00bbyes\u00bb][vc_column_inner width=\u00bb1\/3&#8243; css=\u00bb.vc_custom_1560417813494{padding-bottom: 50px !important;}\u00bb]<style type=\"text\/css\" data-type=\"the7_shortcodes-inline-css\">.shortcode-single-image-wrap.shortcode-single-image-d20263f01ce590331d2da034ee108b04.enable-bg-rollover .rollover i,\n.shortcode-single-image-wrap.shortcode-single-image-d20263f01ce590331d2da034ee108b04.enable-bg-rollover .rollover-video i {\n  background: -webkit-linear-gradient();\n  background: linear-gradient();\n}\n.shortcode-single-image-wrap.shortcode-single-image-d20263f01ce590331d2da034ee108b04 .rollover-icon {\n  font-size: 32px;\n  color: #ffffff;\n  min-width: 44px;\n  min-height: 44px;\n  line-height: 44px;\n  border-radius: 100px;\n  border-style: solid;\n  border-width: 0px;\n}\n.dt-icon-bg-on.shortcode-single-image-wrap.shortcode-single-image-d20263f01ce590331d2da034ee108b04 .rollover-icon {\n  background: rgba(255,255,255,0.3);\n  box-shadow: none;\n}\n<\/style><div class=\"shortcode-single-image-wrap shortcode-single-image-d20263f01ce590331d2da034ee108b04 alignnone  vc_custom_1645608142100 enable-bg-rollover dt-icon-bg-off\" ><div class=\"shortcode-single-image\"><div class=\"fancy-media-wrap\" style=\"\"><a href=\"https:\/\/ccp-law.eu\/es\/newsletters-amp-press-releases\/\" class=\" layzr-bg rollover\" style=\"\" aria-label=\"Image\"><img loading=\"lazy\" decoding=\"async\" class=\"preload-me lazy-load\" src=\"data:image\/svg+xml,%3Csvg%20xmlns%3D&#39;http%3A%2F%2Fwww.w3.org%2F2000%2Fsvg&#39;%20viewBox%3D&#39;0%200%20200%20200&#39;%2F%3E\" data-src=\"https:\/\/ccp-law.eu\/wp-content\/uploads\/2021\/11\/6-home-inner-750x500-1-200x200.jpg\" data-srcset=\"https:\/\/ccp-law.eu\/wp-content\/uploads\/2021\/11\/6-home-inner-750x500-1-200x200.jpg 200w, https:\/\/ccp-law.eu\/wp-content\/uploads\/2021\/11\/6-home-inner-750x500-1-400x400.jpg 400w\" width=\"200\" height=\"200\"  data-dt-location=\"https:\/\/ccp-law.eu\/es\/home\/6-home-inner-750x500\/\" alt=\"\" \/><\/a><\/div><\/div><\/div><div id=\"ultimate-heading-597769f5c92fcced3\" class=\"uvc-heading ult-adjust-bottom-margin ultimate-heading-597769f5c92fcced3 uvc-1094 \" data-hspacer=\"no_spacer\"  data-halign=\"center\" style=\"text-align:center\"><div class=\"uvc-heading-spacer no_spacer\" style=\"top\"><\/div><div class=\"uvc-main-heading ult-responsive\"  data-ultimate-target='.uvc-heading.ultimate-heading-597769f5c92fcced3 h2'  data-responsive-json-new='{\"font-size\":\"desktop:24px;\",\"line-height\":\"desktop:34px;\"}' ><h2 style=\"font-weight:bold;margin-bottom:20px;\">Boletines y notas de prensa<\/h2><\/div><\/div><style type=\"text\/css\" data-type=\"the7_shortcodes-inline-css\">#default-btn-697542628ccae0cd7399151301e238df.ico-right-side > i {\n  margin-right: 0px;\n  margin-left: 8px;\n}\n#default-btn-697542628ccae0cd7399151301e238df > i {\n  margin-right: 8px;\n}\n<\/style><div class=\"btn-align-center\"><a href=\"https:\/\/ccp-law.eu\/es\/newsletters-amp-press-releases\/\" class=\"default-btn-shortcode dt-btn dt-btn-m link-hover-off \" id=\"default-btn-697542628ccae0cd7399151301e238df\" title=\"Information\"><span>Read More<\/span><\/a><\/div>[\/vc_column_inner][vc_column_inner width=\u00bb1\/3&#8243; css=\u00bb.vc_custom_1560417805392{padding-bottom: 50px !important;}\u00bb]<style type=\"text\/css\" data-type=\"the7_shortcodes-inline-css\">.shortcode-single-image-wrap.shortcode-single-image-db39a757e6277da3129d61aed8a97245.enable-bg-rollover .rollover i,\n.shortcode-single-image-wrap.shortcode-single-image-db39a757e6277da3129d61aed8a97245.enable-bg-rollover .rollover-video i {\n  background: -webkit-linear-gradient();\n  background: linear-gradient();\n}\n.shortcode-single-image-wrap.shortcode-single-image-db39a757e6277da3129d61aed8a97245 .rollover-icon {\n  font-size: 32px;\n  color: #ffffff;\n  min-width: 44px;\n  min-height: 44px;\n  line-height: 44px;\n  border-radius: 100px;\n  border-style: solid;\n  border-width: 0px;\n}\n.dt-icon-bg-on.shortcode-single-image-wrap.shortcode-single-image-db39a757e6277da3129d61aed8a97245 .rollover-icon {\n  background: rgba(255,255,255,0.3);\n  box-shadow: none;\n}\n<\/style><div class=\"shortcode-single-image-wrap shortcode-single-image-db39a757e6277da3129d61aed8a97245 alignnone  vc_custom_1645608155399 enable-bg-rollover dt-icon-bg-off\" ><div class=\"shortcode-single-image\"><div class=\"fancy-media-wrap\" style=\"\"><a href=\"https:\/\/ccp-law.eu\/es\/events\/\" class=\" layzr-bg rollover\" style=\"\" aria-label=\"Image\"><img loading=\"lazy\" decoding=\"async\" class=\"preload-me lazy-load\" src=\"data:image\/svg+xml,%3Csvg%20xmlns%3D&#39;http%3A%2F%2Fwww.w3.org%2F2000%2Fsvg&#39;%20viewBox%3D&#39;0%200%20200%20200&#39;%2F%3E\" data-src=\"https:\/\/ccp-law.eu\/wp-content\/uploads\/2021\/11\/5-home-inner-750x500-1-200x200.jpg\" data-srcset=\"https:\/\/ccp-law.eu\/wp-content\/uploads\/2021\/11\/5-home-inner-750x500-1-200x200.jpg 200w, https:\/\/ccp-law.eu\/wp-content\/uploads\/2021\/11\/5-home-inner-750x500-1-400x400.jpg 400w\" width=\"200\" height=\"200\"  data-dt-location=\"https:\/\/ccp-law.eu\/es\/home\/5-home-inner-750x500\/\" alt=\"\" \/><\/a><\/div><\/div><\/div><div id=\"ultimate-heading-849869f5c92fcdbe6\" class=\"uvc-heading ult-adjust-bottom-margin ultimate-heading-849869f5c92fcdbe6 uvc-5309 \" data-hspacer=\"no_spacer\"  data-halign=\"center\" style=\"text-align:center\"><div class=\"uvc-heading-spacer no_spacer\" style=\"top\"><\/div><div class=\"uvc-main-heading ult-responsive\"  data-ultimate-target='.uvc-heading.ultimate-heading-849869f5c92fcdbe6 h2'  data-responsive-json-new='{\"font-size\":\"desktop:24px;\",\"line-height\":\"desktop:34px;\"}' ><h2 style=\"font-weight:bold;margin-bottom:20px;\">Eventos<\/h2><\/div><\/div><style type=\"text\/css\" data-type=\"the7_shortcodes-inline-css\">#default-btn-7e1bf220338f95c257c924aaadf6ba99.ico-right-side > i {\n  margin-right: 0px;\n  margin-left: 8px;\n}\n#default-btn-7e1bf220338f95c257c924aaadf6ba99 > i {\n  margin-right: 8px;\n}\n<\/style><div class=\"btn-align-center\"><a href=\"https:\/\/ccp-law.eu\/es\/events\/\" class=\"default-btn-shortcode dt-btn dt-btn-m link-hover-off \" id=\"default-btn-7e1bf220338f95c257c924aaadf6ba99\" title=\"Information\"><span>Read More<\/span><\/a><\/div>[\/vc_column_inner][vc_column_inner width=\u00bb1\/3&#8243; css=\u00bb.vc_custom_1560417810424{padding-bottom: 50px !important;}\u00bb]<style type=\"text\/css\" data-type=\"the7_shortcodes-inline-css\">.shortcode-single-image-wrap.shortcode-single-image-c98326373230410f7f88311cc72d817a.enable-bg-rollover .rollover i,\n.shortcode-single-image-wrap.shortcode-single-image-c98326373230410f7f88311cc72d817a.enable-bg-rollover .rollover-video i {\n  background: -webkit-linear-gradient();\n  background: linear-gradient();\n}\n.shortcode-single-image-wrap.shortcode-single-image-c98326373230410f7f88311cc72d817a .rollover-icon {\n  font-size: 32px;\n  color: #ffffff;\n  min-width: 44px;\n  min-height: 44px;\n  line-height: 44px;\n  border-radius: 100px;\n  border-style: solid;\n  border-width: 0px;\n}\n.dt-icon-bg-on.shortcode-single-image-wrap.shortcode-single-image-c98326373230410f7f88311cc72d817a .rollover-icon {\n  background: rgba(255,255,255,0.3);\n  box-shadow: none;\n}\n<\/style><div class=\"shortcode-single-image-wrap shortcode-single-image-c98326373230410f7f88311cc72d817a alignnone  vc_custom_1645608167205 enable-bg-rollover dt-icon-bg-off\" ><div class=\"shortcode-single-image\"><div class=\"fancy-media-wrap\" style=\"\"><a href=\"https:\/\/ccp-law.eu\/es\/outcomes\/\" class=\" layzr-bg rollover\" style=\"\" aria-label=\"Image\"><img loading=\"lazy\" decoding=\"async\" class=\"preload-me lazy-load\" src=\"data:image\/svg+xml,%3Csvg%20xmlns%3D&#39;http%3A%2F%2Fwww.w3.org%2F2000%2Fsvg&#39;%20viewBox%3D&#39;0%200%20200%20200&#39;%2F%3E\" data-src=\"https:\/\/ccp-law.eu\/wp-content\/uploads\/2021\/11\/4-home-inner-750x500-1-200x200.jpg\" data-srcset=\"https:\/\/ccp-law.eu\/wp-content\/uploads\/2021\/11\/4-home-inner-750x500-1-200x200.jpg 200w, https:\/\/ccp-law.eu\/wp-content\/uploads\/2021\/11\/4-home-inner-750x500-1-400x400.jpg 400w\" width=\"200\" height=\"200\"  data-dt-location=\"https:\/\/ccp-law.eu\/es\/home\/4-home-inner-750x500\/\" alt=\"\" \/><\/a><\/div><\/div><\/div><div id=\"ultimate-heading-37069f5c92fce5b2\" class=\"uvc-heading ult-adjust-bottom-margin ultimate-heading-37069f5c92fce5b2 uvc-3820 \" data-hspacer=\"no_spacer\"  data-halign=\"center\" style=\"text-align:center\"><div class=\"uvc-heading-spacer no_spacer\" style=\"top\"><\/div><div class=\"uvc-main-heading ult-responsive\"  data-ultimate-target='.uvc-heading.ultimate-heading-37069f5c92fce5b2 h2'  data-responsive-json-new='{\"font-size\":\"desktop:24px;\",\"line-height\":\"desktop:34px;\"}' ><h2 style=\"font-weight:bold;margin-bottom:20px;\">Resultados<\/h2><\/div><\/div><style type=\"text\/css\" data-type=\"the7_shortcodes-inline-css\">#default-btn-088c41d8fbb0bf5aa8e760fb30989a90.ico-right-side > i {\n  margin-right: 0px;\n  margin-left: 8px;\n}\n#default-btn-088c41d8fbb0bf5aa8e760fb30989a90 > i {\n  margin-right: 8px;\n}\n<\/style><div class=\"btn-align-center\"><a href=\"https:\/\/ccp-law.eu\/es\/outcomes\/\" class=\"default-btn-shortcode dt-btn dt-btn-m link-hover-off \" id=\"default-btn-088c41d8fbb0bf5aa8e760fb30989a90\" title=\"Information\"><span>Read More<\/span><\/a><\/div>[\/vc_column_inner][\/vc_row_inner][\/vc_column][\/vc_row]<\/p>\n","protected":false},"excerpt":{"rendered":"<p>[vc_row type=\u00bbvc_default\u00bb equal_height=\u00bbyes\u00bb content_placement=\u00bbmiddle\u00bb][vc_column width=\u00bb1\/2&#8243;][vc_column_text]El objetivo del proyecto es desarrollar, probar y adaptar nuevos planes de estudio en el campo del Derecho del Cambio Clim\u00e1tico (CC). Espec\u00edficamente, la integraci\u00f3n de un programa educativo multidisciplinario en Pol\u00edtica y Derecho Global del CC, ofrecido a nivel de Diploma de Postgrado (PGDIp) o alternativamente como M\u00e1ster en Derecho&hellip;<\/p>\n","protected":false},"author":1,"featured_media":0,"parent":0,"menu_order":0,"comment_status":"closed","ping_status":"closed","template":"","meta":{"footnotes":""},"class_list":["post-529","page","type-page","status-publish","hentry","description-off"],"_links":{"self":[{"href":"https:\/\/ccp-law.eu\/es\/wp-json\/wp\/v2\/pages\/529","targetHints":{"allow":["GET"]}}],"collection":[{"href":"https:\/\/ccp-law.eu\/es\/wp-json\/wp\/v2\/pages"}],"about":[{"href":"https:\/\/ccp-law.eu\/es\/wp-json\/wp\/v2\/types\/page"}],"author":[{"embeddable":true,"href":"https:\/\/ccp-law.eu\/es\/wp-json\/wp\/v2\/users\/1"}],"replies":[{"embeddable":true,"href":"https:\/\/ccp-law.eu\/es\/wp-json\/wp\/v2\/comments?post=529"}],"version-history":[{"count":3,"href":"https:\/\/ccp-law.eu\/es\/wp-json\/wp\/v2\/pages\/529\/revisions"}],"predecessor-version":[{"id":669,"href":"https:\/\/ccp-law.eu\/es\/wp-json\/wp\/v2\/pages\/529\/revisions\/669"}],"wp:attachment":[{"href":"https:\/\/ccp-law.eu\/es\/wp-json\/wp\/v2\/media?parent=529"}],"curies":[{"name":"wp","href":"https:\/\/api.w.org\/{rel}","templated":true}]}}