{"id":313,"date":"2021-11-02T20:00:06","date_gmt":"2021-11-02T20:00:06","guid":{"rendered":"https:\/\/ccp-law.eu\/home\/"},"modified":"2022-02-23T09:00:36","modified_gmt":"2022-02-23T09:00:36","slug":"home","status":"publish","type":"page","link":"https:\/\/ccp-law.eu\/vi\/","title":{"rendered":"TRANG CH\u1ee6"},"content":{"rendered":"<p>[vc_row type=&#8221;vc_default&#8221; equal_height=&#8221;yes&#8221; content_placement=&#8221;middle&#8221;][vc_column width=&#8221;1\/2&#8243;][vc_column_text]<\/p>\n<h2>Ph\u1ea1m vi v\u00e0 m\u1ee5c ti\u00eau<\/h2>\n<p>M\u1ee5c ti\u00eau c\u1ee7a d\u1ef1 \u00e1n l\u00e0 ph\u00e1t tri\u1ec3n, th\u1eed nghi\u1ec7m v\u00e0 \u0111i\u1ec1u ch\u1ec9nh c\u00e1c ch\u01b0\u01a1ng tr\u00ecnh gi\u1ea3ng d\u1ea1y m\u1edbi trong l\u0129nh v\u1ef1c ph\u00e1p lu\u1eadt ch\u1ed1ng bi\u1ebfn \u0111\u1ed5i kh\u00ed h\u1eadu. C\u1ee5 th\u1ec3, vi\u1ec7c t\u00edch h\u1ee3p m\u1ed9t ch\u01b0\u01a1ng tr\u00ecnh gi\u1ea3ng d\u1ea1y \u0111a ng\u00e0nh v\u1ec1 Ch\u00ednh s\u00e1ch v\u00e0 ph\u00e1p lu\u1eadt ch\u1ed1ng bi\u1ebfn \u0111\u1ed5i kh\u00ed h\u1eadu to\u00e0n c\u1ea7u \u0111\u01b0\u1ee3c cung c\u1ea5p nh\u01b0 l\u00e0 m\u1ed9t ch\u01b0\u01a1ng tr\u00ecnh Sau \u0111\u1ea1i h\u1ecdc (PGDIp) ho\u1eb7c d\u01b0\u1edbi d\u1ea1ng ch\u01b0\u01a1ng tr\u00ecnh th\u1ea1c s\u1ef9 Lu\u1eadt h\u1ecdc (LL.M) t\u00f9y thu\u1ed9c v\u00e0o quy\u1ebft \u0111\u1ecbnh cu\u1ed1i c\u00f9ng c\u1ee7a t\u1eebng \u0111\u1ed1i t\u00e1c, nh\u1eb1m gi\u1ea3i quy\u1ebft nhu c\u1ea7u c\u1ee7a m\u1ed9t th\u1ebf h\u1ec7 m\u1edbi nh\u1eefng ng\u01b0\u1eddi c\u00f3 b\u1eb1ng th\u1ea1c s\u1ef9 lu\u1eadt h\u1ecdc s\u1ebd c\u00f3 ki\u1ebfn th\u1ee9c chuy\u00ean m\u00f4n cao v\u1ec1 c\u00e1c ch\u00ednh s\u00e1ch m\u00f4i tr\u01b0\u1eddng v\u00e0 ph\u00e1p lu\u1eadt ch\u1ed1ng bi\u1ebfn \u0111\u1ed5i kh\u00ed h\u1eadu.[\/vc_column_text][\/vc_column][vc_column width=&#8221;1\/2&#8243;][vc_single_image image=&#8221;98&#8243; img_size=&#8221;full&#8221;][\/vc_column][\/vc_row][vc_row css=&#8221;.vc_custom_1560847925785{padding-top: 60px !important;padding-bottom: 10px !important;}&#8221;][vc_column][vc_row_inner equal_height=&#8221;yes&#8221;][vc_column_inner width=&#8221;1\/3&#8243; css=&#8221;.vc_custom_1560417813494{padding-bottom: 50px !important;}&#8221;]<style type=\"text\/css\" data-type=\"the7_shortcodes-inline-css\">.shortcode-single-image-wrap.shortcode-single-image-f06dd529d689ad0b3471191d602e08ca.enable-bg-rollover .rollover i,\n.shortcode-single-image-wrap.shortcode-single-image-f06dd529d689ad0b3471191d602e08ca.enable-bg-rollover .rollover-video i {\n  background: -webkit-linear-gradient();\n  background: linear-gradient();\n}\n.shortcode-single-image-wrap.shortcode-single-image-f06dd529d689ad0b3471191d602e08ca .rollover-icon {\n  font-size: 32px;\n  color: #ffffff;\n  min-width: 44px;\n  min-height: 44px;\n  line-height: 44px;\n  border-radius: 100px;\n  border-style: solid;\n  border-width: 0px;\n}\n.dt-icon-bg-on.shortcode-single-image-wrap.shortcode-single-image-f06dd529d689ad0b3471191d602e08ca .rollover-icon {\n  background: rgba(255,255,255,0.3);\n  box-shadow: none;\n}\n<\/style><div class=\"shortcode-single-image-wrap shortcode-single-image-f06dd529d689ad0b3471191d602e08ca alignnone  vc_custom_1645607106453 enable-bg-rollover dt-icon-bg-off\" ><div class=\"shortcode-single-image\"><div class=\"fancy-media-wrap\" style=\"\"><a href=\"https:\/\/ccp-law.eu\/vi\/information\/\" class=\" layzr-bg rollover\" style=\"\" aria-label=\"Image\"><img loading=\"lazy\" decoding=\"async\" class=\"preload-me lazy-load\" src=\"data:image\/svg+xml,%3Csvg%20xmlns%3D&#39;http%3A%2F%2Fwww.w3.org%2F2000%2Fsvg&#39;%20viewBox%3D&#39;0%200%20200%20200&#39;%2F%3E\" data-src=\"https:\/\/ccp-law.eu\/wp-content\/uploads\/2021\/11\/1-home-inner-750x500-1-200x200.jpg\" data-srcset=\"https:\/\/ccp-law.eu\/wp-content\/uploads\/2021\/11\/1-home-inner-750x500-1-200x200.jpg 200w, https:\/\/ccp-law.eu\/wp-content\/uploads\/2021\/11\/1-home-inner-750x500-1-400x400.jpg 400w\" width=\"200\" height=\"200\"  data-dt-location=\"https:\/\/ccp-law.eu\/vi\/home\/1-home-inner-750x500\/\" alt=\"\" \/><\/a><\/div><\/div><\/div><div id=\"ultimate-heading-598169f5b7e5a7286\" class=\"uvc-heading ult-adjust-bottom-margin ultimate-heading-598169f5b7e5a7286 uvc-1519 \" data-hspacer=\"no_spacer\"  data-halign=\"center\" style=\"text-align:center\"><div class=\"uvc-heading-spacer no_spacer\" style=\"top\"><\/div><div class=\"uvc-main-heading ult-responsive\"  data-ultimate-target='.uvc-heading.ultimate-heading-598169f5b7e5a7286 h2'  data-responsive-json-new='{\"font-size\":\"desktop:24px;\",\"line-height\":\"desktop:34px;\"}' ><h2 style=\"font-weight:bold;margin-bottom:20px;\">D\u1ef0 \u00c1N<\/h2><\/div><\/div><style type=\"text\/css\" data-type=\"the7_shortcodes-inline-css\">#default-btn-ae06c69eec1431ca526c0f59b622d966.ico-right-side > i {\n  margin-right: 0px;\n  margin-left: 8px;\n}\n#default-btn-ae06c69eec1431ca526c0f59b622d966 > i {\n  margin-right: 8px;\n}\n<\/style><div class=\"btn-align-center\"><a href=\"https:\/\/ccp-law.eu\/vi\/information\/\" class=\"default-btn-shortcode dt-btn dt-btn-m link-hover-off \" id=\"default-btn-ae06c69eec1431ca526c0f59b622d966\" title=\"Information\"><span>Read More<\/span><\/a><\/div>[\/vc_column_inner][vc_column_inner width=&#8221;1\/3&#8243; css=&#8221;.vc_custom_1560417805392{padding-bottom: 50px !important;}&#8221;]<style type=\"text\/css\" data-type=\"the7_shortcodes-inline-css\">.shortcode-single-image-wrap.shortcode-single-image-d24033235b1e4d2e93c232da0109ef00.enable-bg-rollover .rollover i,\n.shortcode-single-image-wrap.shortcode-single-image-d24033235b1e4d2e93c232da0109ef00.enable-bg-rollover .rollover-video i {\n  background: -webkit-linear-gradient();\n  background: linear-gradient();\n}\n.shortcode-single-image-wrap.shortcode-single-image-d24033235b1e4d2e93c232da0109ef00 .rollover-icon {\n  font-size: 32px;\n  color: #ffffff;\n  min-width: 44px;\n  min-height: 44px;\n  line-height: 44px;\n  border-radius: 100px;\n  border-style: solid;\n  border-width: 0px;\n}\n.dt-icon-bg-on.shortcode-single-image-wrap.shortcode-single-image-d24033235b1e4d2e93c232da0109ef00 .rollover-icon {\n  background: rgba(255,255,255,0.3);\n  box-shadow: none;\n}\n<\/style><div class=\"shortcode-single-image-wrap shortcode-single-image-d24033235b1e4d2e93c232da0109ef00 alignnone  vc_custom_1645606743762 enable-bg-rollover dt-icon-bg-off\" ><div class=\"shortcode-single-image\"><div class=\"fancy-media-wrap\" style=\"\"><a href=\"https:\/\/ccp-law.eu\/vi\/partnership\/\" class=\" layzr-bg rollover\" style=\"\" aria-label=\"Image\"><img loading=\"lazy\" decoding=\"async\" class=\"preload-me lazy-load\" src=\"data:image\/svg+xml,%3Csvg%20xmlns%3D&#39;http%3A%2F%2Fwww.w3.org%2F2000%2Fsvg&#39;%20viewBox%3D&#39;0%200%20200%20200&#39;%2F%3E\" data-src=\"https:\/\/ccp-law.eu\/wp-content\/uploads\/2021\/11\/2-home-inner-750x500-1-200x200.jpg\" data-srcset=\"https:\/\/ccp-law.eu\/wp-content\/uploads\/2021\/11\/2-home-inner-750x500-1-200x200.jpg 200w, https:\/\/ccp-law.eu\/wp-content\/uploads\/2021\/11\/2-home-inner-750x500-1-400x400.jpg 400w\" width=\"200\" height=\"200\"  data-dt-location=\"https:\/\/ccp-law.eu\/vi\/home\/2-home-inner-750x500\/\" alt=\"\" \/><\/a><\/div><\/div><\/div><div id=\"ultimate-heading-883469f5b7e5a7c3b\" class=\"uvc-heading ult-adjust-bottom-margin ultimate-heading-883469f5b7e5a7c3b uvc-858 \" data-hspacer=\"no_spacer\"  data-halign=\"center\" style=\"text-align:center\"><div class=\"uvc-heading-spacer no_spacer\" style=\"top\"><\/div><div class=\"uvc-main-heading ult-responsive\"  data-ultimate-target='.uvc-heading.ultimate-heading-883469f5b7e5a7c3b h2'  data-responsive-json-new='{\"font-size\":\"desktop:24px;\",\"line-height\":\"desktop:34px;\"}' ><h2 style=\"font-weight:bold;margin-bottom:20px;\">\u0110\u1ed0I T\u00c1C<\/h2><\/div><\/div><style type=\"text\/css\" data-type=\"the7_shortcodes-inline-css\">#default-btn-87655793affc5d986a77745d4b0fd50d.ico-right-side > i {\n  margin-right: 0px;\n  margin-left: 8px;\n}\n#default-btn-87655793affc5d986a77745d4b0fd50d > i {\n  margin-right: 8px;\n}\n<\/style><div class=\"btn-align-center\"><a href=\"https:\/\/ccp-law.eu\/vi\/partnership\/\" class=\"default-btn-shortcode dt-btn dt-btn-m link-hover-off \" id=\"default-btn-87655793affc5d986a77745d4b0fd50d\" title=\"Information\"><span>Read More<\/span><\/a><\/div>[\/vc_column_inner][vc_column_inner width=&#8221;1\/3&#8243; css=&#8221;.vc_custom_1560417810424{padding-bottom: 50px !important;}&#8221;]<style type=\"text\/css\" data-type=\"the7_shortcodes-inline-css\">.shortcode-single-image-wrap.shortcode-single-image-004e64f20074de5cec0ffb8e7f7f30bf.enable-bg-rollover .rollover i,\n.shortcode-single-image-wrap.shortcode-single-image-004e64f20074de5cec0ffb8e7f7f30bf.enable-bg-rollover .rollover-video i {\n  background: -webkit-linear-gradient();\n  background: linear-gradient();\n}\n.shortcode-single-image-wrap.shortcode-single-image-004e64f20074de5cec0ffb8e7f7f30bf .rollover-icon {\n  font-size: 32px;\n  color: #ffffff;\n  min-width: 44px;\n  min-height: 44px;\n  line-height: 44px;\n  border-radius: 100px;\n  border-style: solid;\n  border-width: 0px;\n}\n.dt-icon-bg-on.shortcode-single-image-wrap.shortcode-single-image-004e64f20074de5cec0ffb8e7f7f30bf .rollover-icon {\n  background: rgba(255,255,255,0.3);\n  box-shadow: none;\n}\n<\/style><div class=\"shortcode-single-image-wrap shortcode-single-image-004e64f20074de5cec0ffb8e7f7f30bf alignnone  vc_custom_1645606787778 enable-bg-rollover dt-icon-bg-off\" ><div class=\"shortcode-single-image\"><div class=\"fancy-media-wrap\" style=\"\"><a href=\"https:\/\/ccp-law.eu\/vi\/cources\/\" class=\" layzr-bg rollover\" style=\"\" aria-label=\"Image\"><img loading=\"lazy\" decoding=\"async\" class=\"preload-me lazy-load\" src=\"data:image\/svg+xml,%3Csvg%20xmlns%3D&#39;http%3A%2F%2Fwww.w3.org%2F2000%2Fsvg&#39;%20viewBox%3D&#39;0%200%20200%20200&#39;%2F%3E\" data-src=\"https:\/\/ccp-law.eu\/wp-content\/uploads\/2021\/11\/3-home-inner-750x500-1-200x200.jpg\" data-srcset=\"https:\/\/ccp-law.eu\/wp-content\/uploads\/2021\/11\/3-home-inner-750x500-1-200x200.jpg 200w, https:\/\/ccp-law.eu\/wp-content\/uploads\/2021\/11\/3-home-inner-750x500-1-400x400.jpg 400w\" width=\"200\" height=\"200\"  data-dt-location=\"https:\/\/ccp-law.eu\/vi\/home\/3-home-inner-750x500\/\" alt=\"\" \/><\/a><\/div><\/div><\/div><div id=\"ultimate-heading-554369f5b7e5a853c\" class=\"uvc-heading ult-adjust-bottom-margin ultimate-heading-554369f5b7e5a853c uvc-7252 \" data-hspacer=\"no_spacer\"  data-halign=\"center\" style=\"text-align:center\"><div class=\"uvc-heading-spacer no_spacer\" style=\"top\"><\/div><div class=\"uvc-main-heading ult-responsive\"  data-ultimate-target='.uvc-heading.ultimate-heading-554369f5b7e5a853c h2'  data-responsive-json-new='{\"font-size\":\"desktop:24px;\",\"line-height\":\"desktop:34px;\"}' ><h2 style=\"font-weight:bold;margin-bottom:20px;\">C\u00c1C KH\u00d3A H\u1eccC<\/h2><\/div><\/div><style type=\"text\/css\" data-type=\"the7_shortcodes-inline-css\">#default-btn-b68509ab41910815a20a0b5df7d79fae.ico-right-side > i {\n  margin-right: 0px;\n  margin-left: 8px;\n}\n#default-btn-b68509ab41910815a20a0b5df7d79fae > i {\n  margin-right: 8px;\n}\n<\/style><div class=\"btn-align-center\"><a href=\"https:\/\/ccp-law.eu\/vi\/cources\/\" class=\"default-btn-shortcode dt-btn dt-btn-m link-hover-off \" id=\"default-btn-b68509ab41910815a20a0b5df7d79fae\" title=\"Information\"><span>Read More<\/span><\/a><\/div>[\/vc_column_inner][\/vc_row_inner][vc_row_inner equal_height=&#8221;yes&#8221;][vc_column_inner width=&#8221;1\/3&#8243; css=&#8221;.vc_custom_1560417813494{padding-bottom: 50px !important;}&#8221;]<style type=\"text\/css\" data-type=\"the7_shortcodes-inline-css\">.shortcode-single-image-wrap.shortcode-single-image-14ecd756d907ba7887cc0c92a36afee4.enable-bg-rollover .rollover i,\n.shortcode-single-image-wrap.shortcode-single-image-14ecd756d907ba7887cc0c92a36afee4.enable-bg-rollover .rollover-video i {\n  background: -webkit-linear-gradient();\n  background: linear-gradient();\n}\n.shortcode-single-image-wrap.shortcode-single-image-14ecd756d907ba7887cc0c92a36afee4 .rollover-icon {\n  font-size: 32px;\n  color: #ffffff;\n  min-width: 44px;\n  min-height: 44px;\n  line-height: 44px;\n  border-radius: 100px;\n  border-style: solid;\n  border-width: 0px;\n}\n.dt-icon-bg-on.shortcode-single-image-wrap.shortcode-single-image-14ecd756d907ba7887cc0c92a36afee4 .rollover-icon {\n  background: rgba(255,255,255,0.3);\n  box-shadow: none;\n}\n<\/style><div class=\"shortcode-single-image-wrap shortcode-single-image-14ecd756d907ba7887cc0c92a36afee4 alignnone  vc_custom_1645606838872 enable-bg-rollover dt-icon-bg-off\" ><div class=\"shortcode-single-image\"><div class=\"fancy-media-wrap\" style=\"\"><a href=\"https:\/\/ccp-law.eu\/vi\/newsletters-amp-press-releases\/\" class=\" layzr-bg rollover\" style=\"\" aria-label=\"Image\"><img loading=\"lazy\" decoding=\"async\" class=\"preload-me lazy-load\" src=\"data:image\/svg+xml,%3Csvg%20xmlns%3D&#39;http%3A%2F%2Fwww.w3.org%2F2000%2Fsvg&#39;%20viewBox%3D&#39;0%200%20200%20200&#39;%2F%3E\" data-src=\"https:\/\/ccp-law.eu\/wp-content\/uploads\/2021\/11\/6-home-inner-750x500-1-200x200.jpg\" data-srcset=\"https:\/\/ccp-law.eu\/wp-content\/uploads\/2021\/11\/6-home-inner-750x500-1-200x200.jpg 200w, https:\/\/ccp-law.eu\/wp-content\/uploads\/2021\/11\/6-home-inner-750x500-1-400x400.jpg 400w\" width=\"200\" height=\"200\"  data-dt-location=\"https:\/\/ccp-law.eu\/vi\/home\/6-home-inner-750x500\/\" alt=\"\" \/><\/a><\/div><\/div><\/div><div id=\"ultimate-heading-28969f5b7e5a8e4f\" class=\"uvc-heading ult-adjust-bottom-margin ultimate-heading-28969f5b7e5a8e4f uvc-3307 \" data-hspacer=\"no_spacer\"  data-halign=\"center\" style=\"text-align:center\"><div class=\"uvc-heading-spacer no_spacer\" style=\"top\"><\/div><div class=\"uvc-main-heading ult-responsive\"  data-ultimate-target='.uvc-heading.ultimate-heading-28969f5b7e5a8e4f h2'  data-responsive-json-new='{\"font-size\":\"desktop:24px;\",\"line-height\":\"desktop:34px;\"}' ><h2 style=\"font-weight:bold;margin-bottom:20px;\">B\u1ea3n tin<\/h2><\/div><\/div><style type=\"text\/css\" data-type=\"the7_shortcodes-inline-css\">#default-btn-61bed55bfc14d5bd208a86d150f43e69.ico-right-side > i {\n  margin-right: 0px;\n  margin-left: 8px;\n}\n#default-btn-61bed55bfc14d5bd208a86d150f43e69 > i {\n  margin-right: 8px;\n}\n<\/style><div class=\"btn-align-center\"><a href=\"https:\/\/ccp-law.eu\/vi\/newsletters-amp-press-releases\/\" class=\"default-btn-shortcode dt-btn dt-btn-m link-hover-off \" id=\"default-btn-61bed55bfc14d5bd208a86d150f43e69\" title=\"Information\"><span>Read More<\/span><\/a><\/div>[\/vc_column_inner][vc_column_inner width=&#8221;1\/3&#8243; css=&#8221;.vc_custom_1560417805392{padding-bottom: 50px !important;}&#8221;]<style type=\"text\/css\" data-type=\"the7_shortcodes-inline-css\">.shortcode-single-image-wrap.shortcode-single-image-5b8b202852531d5a38982cc896464e75.enable-bg-rollover .rollover i,\n.shortcode-single-image-wrap.shortcode-single-image-5b8b202852531d5a38982cc896464e75.enable-bg-rollover .rollover-video i {\n  background: -webkit-linear-gradient();\n  background: linear-gradient();\n}\n.shortcode-single-image-wrap.shortcode-single-image-5b8b202852531d5a38982cc896464e75 .rollover-icon {\n  font-size: 32px;\n  color: #ffffff;\n  min-width: 44px;\n  min-height: 44px;\n  line-height: 44px;\n  border-radius: 100px;\n  border-style: solid;\n  border-width: 0px;\n}\n.dt-icon-bg-on.shortcode-single-image-wrap.shortcode-single-image-5b8b202852531d5a38982cc896464e75 .rollover-icon {\n  background: rgba(255,255,255,0.3);\n  box-shadow: none;\n}\n<\/style><div class=\"shortcode-single-image-wrap shortcode-single-image-5b8b202852531d5a38982cc896464e75 alignnone  vc_custom_1645606889434 enable-bg-rollover dt-icon-bg-off\" ><div class=\"shortcode-single-image\"><div class=\"fancy-media-wrap\" style=\"\"><a href=\"https:\/\/ccp-law.eu\/vi\/events\/\" class=\" layzr-bg rollover\" style=\"\" aria-label=\"Image\"><img loading=\"lazy\" decoding=\"async\" class=\"preload-me lazy-load\" src=\"data:image\/svg+xml,%3Csvg%20xmlns%3D&#39;http%3A%2F%2Fwww.w3.org%2F2000%2Fsvg&#39;%20viewBox%3D&#39;0%200%20200%20200&#39;%2F%3E\" data-src=\"https:\/\/ccp-law.eu\/wp-content\/uploads\/2021\/11\/5-home-inner-750x500-1-200x200.jpg\" data-srcset=\"https:\/\/ccp-law.eu\/wp-content\/uploads\/2021\/11\/5-home-inner-750x500-1-200x200.jpg 200w, https:\/\/ccp-law.eu\/wp-content\/uploads\/2021\/11\/5-home-inner-750x500-1-400x400.jpg 400w\" width=\"200\" height=\"200\"  data-dt-location=\"https:\/\/ccp-law.eu\/vi\/home\/5-home-inner-750x500\/\" alt=\"\" \/><\/a><\/div><\/div><\/div><div id=\"ultimate-heading-249069f5b7e5a9748\" class=\"uvc-heading ult-adjust-bottom-margin ultimate-heading-249069f5b7e5a9748 uvc-7955 \" data-hspacer=\"no_spacer\"  data-halign=\"center\" style=\"text-align:center\"><div class=\"uvc-heading-spacer no_spacer\" style=\"top\"><\/div><div class=\"uvc-main-heading ult-responsive\"  data-ultimate-target='.uvc-heading.ultimate-heading-249069f5b7e5a9748 h2'  data-responsive-json-new='{\"font-size\":\"desktop:24px;\",\"line-height\":\"desktop:34px;\"}' ><h2 style=\"font-weight:bold;margin-bottom:20px;\">S\u1ef0 KI\u1ec6N<\/h2><\/div><\/div><style type=\"text\/css\" data-type=\"the7_shortcodes-inline-css\">#default-btn-0e5e87cab12fadf8585c20a25cebd6e7.ico-right-side > i {\n  margin-right: 0px;\n  margin-left: 8px;\n}\n#default-btn-0e5e87cab12fadf8585c20a25cebd6e7 > i {\n  margin-right: 8px;\n}\n<\/style><div class=\"btn-align-center\"><a href=\"https:\/\/ccp-law.eu\/vi\/events\/\" class=\"default-btn-shortcode dt-btn dt-btn-m link-hover-off \" id=\"default-btn-0e5e87cab12fadf8585c20a25cebd6e7\" title=\"Information\"><span>Read More<\/span><\/a><\/div>[\/vc_column_inner][vc_column_inner width=&#8221;1\/3&#8243; css=&#8221;.vc_custom_1560417810424{padding-bottom: 50px !important;}&#8221;]<style type=\"text\/css\" data-type=\"the7_shortcodes-inline-css\">.shortcode-single-image-wrap.shortcode-single-image-166090ca6af8e3b09c88402cce4fea45.enable-bg-rollover .rollover i,\n.shortcode-single-image-wrap.shortcode-single-image-166090ca6af8e3b09c88402cce4fea45.enable-bg-rollover .rollover-video i {\n  background: -webkit-linear-gradient();\n  background: linear-gradient();\n}\n.shortcode-single-image-wrap.shortcode-single-image-166090ca6af8e3b09c88402cce4fea45 .rollover-icon {\n  font-size: 32px;\n  color: #ffffff;\n  min-width: 44px;\n  min-height: 44px;\n  line-height: 44px;\n  border-radius: 100px;\n  border-style: solid;\n  border-width: 0px;\n}\n.dt-icon-bg-on.shortcode-single-image-wrap.shortcode-single-image-166090ca6af8e3b09c88402cce4fea45 .rollover-icon {\n  background: rgba(255,255,255,0.3);\n  box-shadow: none;\n}\n<\/style><div class=\"shortcode-single-image-wrap shortcode-single-image-166090ca6af8e3b09c88402cce4fea45 alignnone  vc_custom_1645606885105 enable-bg-rollover dt-icon-bg-off\" ><div class=\"shortcode-single-image\"><div class=\"fancy-media-wrap\" style=\"\"><a href=\"https:\/\/ccp-law.eu\/vi\/outcomes\/\" class=\" layzr-bg rollover\" style=\"\" aria-label=\"Image\"><img loading=\"lazy\" decoding=\"async\" class=\"preload-me lazy-load\" src=\"data:image\/svg+xml,%3Csvg%20xmlns%3D&#39;http%3A%2F%2Fwww.w3.org%2F2000%2Fsvg&#39;%20viewBox%3D&#39;0%200%20200%20200&#39;%2F%3E\" data-src=\"https:\/\/ccp-law.eu\/wp-content\/uploads\/2021\/11\/4-home-inner-750x500-1-200x200.jpg\" data-srcset=\"https:\/\/ccp-law.eu\/wp-content\/uploads\/2021\/11\/4-home-inner-750x500-1-200x200.jpg 200w, https:\/\/ccp-law.eu\/wp-content\/uploads\/2021\/11\/4-home-inner-750x500-1-400x400.jpg 400w\" width=\"200\" height=\"200\"  data-dt-location=\"https:\/\/ccp-law.eu\/vi\/home\/4-home-inner-750x500\/\" alt=\"\" \/><\/a><\/div><\/div><\/div><div id=\"ultimate-heading-459669f5b7e5aa041\" class=\"uvc-heading ult-adjust-bottom-margin ultimate-heading-459669f5b7e5aa041 uvc-8194 \" data-hspacer=\"no_spacer\"  data-halign=\"center\" style=\"text-align:center\"><div class=\"uvc-heading-spacer no_spacer\" style=\"top\"><\/div><div class=\"uvc-main-heading ult-responsive\"  data-ultimate-target='.uvc-heading.ultimate-heading-459669f5b7e5aa041 h2'  data-responsive-json-new='{\"font-size\":\"desktop:24px;\",\"line-height\":\"desktop:34px;\"}' ><h2 style=\"font-weight:bold;margin-bottom:20px;\">K\u1ebft qu\u1ea3 \u0111\u1ea1t \u0111\u01b0\u1ee3c<\/h2><\/div><\/div><style type=\"text\/css\" data-type=\"the7_shortcodes-inline-css\">#default-btn-3a2375b0667c598b3d30c037c48c1a4d.ico-right-side > i {\n  margin-right: 0px;\n  margin-left: 8px;\n}\n#default-btn-3a2375b0667c598b3d30c037c48c1a4d > i {\n  margin-right: 8px;\n}\n<\/style><div class=\"btn-align-center\"><a href=\"https:\/\/ccp-law.eu\/vi\/outcomes\/\" class=\"default-btn-shortcode dt-btn dt-btn-m link-hover-off \" id=\"default-btn-3a2375b0667c598b3d30c037c48c1a4d\" title=\"Information\"><span>Read More<\/span><\/a><\/div>[\/vc_column_inner][\/vc_row_inner][\/vc_column][\/vc_row]<\/p>\n","protected":false},"excerpt":{"rendered":"<p>[vc_row type=&#8221;vc_default&#8221; equal_height=&#8221;yes&#8221; content_placement=&#8221;middle&#8221;][vc_column width=&#8221;1\/2&#8243;][vc_column_text] Ph\u1ea1m vi v\u00e0 m\u1ee5c ti\u00eau M\u1ee5c ti\u00eau c\u1ee7a d\u1ef1 \u00e1n l\u00e0 ph\u00e1t tri\u1ec3n, th\u1eed nghi\u1ec7m v\u00e0 \u0111i\u1ec1u ch\u1ec9nh c\u00e1c ch\u01b0\u01a1ng tr\u00ecnh gi\u1ea3ng d\u1ea1y m\u1edbi trong l\u0129nh v\u1ef1c ph\u00e1p lu\u1eadt ch\u1ed1ng bi\u1ebfn \u0111\u1ed5i kh\u00ed h\u1eadu. C\u1ee5 th\u1ec3, vi\u1ec7c t\u00edch h\u1ee3p m\u1ed9t ch\u01b0\u01a1ng tr\u00ecnh gi\u1ea3ng d\u1ea1y \u0111a ng\u00e0nh v\u1ec1 Ch\u00ednh s\u00e1ch v\u00e0&hellip;<\/p>\n","protected":false},"author":1,"featured_media":0,"parent":0,"menu_order":0,"comment_status":"closed","ping_status":"closed","template":"","meta":{"footnotes":""},"class_list":["post-313","page","type-page","status-publish","hentry","description-off"],"_links":{"self":[{"href":"https:\/\/ccp-law.eu\/vi\/wp-json\/wp\/v2\/pages\/313","targetHints":{"allow":["GET"]}}],"collection":[{"href":"https:\/\/ccp-law.eu\/vi\/wp-json\/wp\/v2\/pages"}],"about":[{"href":"https:\/\/ccp-law.eu\/vi\/wp-json\/wp\/v2\/types\/page"}],"author":[{"embeddable":true,"href":"https:\/\/ccp-law.eu\/vi\/wp-json\/wp\/v2\/users\/1"}],"replies":[{"embeddable":true,"href":"https:\/\/ccp-law.eu\/vi\/wp-json\/wp\/v2\/comments?post=313"}],"version-history":[{"count":4,"href":"https:\/\/ccp-law.eu\/vi\/wp-json\/wp\/v2\/pages\/313\/revisions"}],"predecessor-version":[{"id":663,"href":"https:\/\/ccp-law.eu\/vi\/wp-json\/wp\/v2\/pages\/313\/revisions\/663"}],"wp:attachment":[{"href":"https:\/\/ccp-law.eu\/vi\/wp-json\/wp\/v2\/media?parent=313"}],"curies":[{"name":"wp","href":"https:\/\/api.w.org\/{rel}","templated":true}]}}