{"id":315,"date":"2021-11-02T19:12:42","date_gmt":"2021-11-02T19:12:42","guid":{"rendered":"https:\/\/ccp-law.eu\/information\/"},"modified":"2022-02-21T11:15:56","modified_gmt":"2022-02-21T11:15:56","slug":"information","status":"publish","type":"page","link":"https:\/\/ccp-law.eu\/vi\/information\/","title":{"rendered":"Th\u00f4ng tin chung"},"content":{"rendered":"<p>[vc_row][vc_column][vc_column_text]<strong>D\u1ef1 \u00e1n<\/strong><\/p>\n<p>X\u00e2y d\u1ef1ng Ch\u01b0\u01a1ng tr\u00ecnh \u0111\u00e0o t\u1ea1o th\u1ea1c s\u1ef9 v\u1ec1 Ch\u00ednh s\u00e1ch v\u00e0 ph\u00e1p lu\u1eadt ch\u1ed1ng bi\u1ebfn \u0111\u1ed5i kh\u00ed h\u1eadu<\/p>\n<p><strong>\u00a0<\/strong><\/p>\n<p><strong>S\u1ed1 \u0111\u1ecbnh danh d\u1ef1 \u00e1n<\/strong><\/p>\n<p>618874-EPP-1-2020-1-VN-EPPKA2-CBHE-JP<\/p>\n<p><strong>\u00a0<\/strong><\/p>\n<p><strong>Th\u1eddi gian th\u1ef1c hi\u1ec7n<\/strong><\/p>\n<p>Th\u1eddi gian th\u1ef1c hi\u1ec7n d\u1ef1 \u00e1n: t\u1eeb 01\/2021 \u0111\u1ebfn 12\/2023<\/p>\n<p><strong>\u00a0<\/strong><\/p>\n<p><strong>Kinh ph\u00ed<\/strong><\/p>\n<p>999.175,00 \u20ac<\/p>\n<p><strong>\u00a0<\/strong><\/p>\n<p><strong>\u0110i\u1ec1u ph\u1ed1i d\u1ef1 \u00e1n<\/strong><br \/>\n\u0110\u1ea1i h\u1ecdc Hu\u1ebf (HUE), Vi\u1ec7t Nam[\/vc_column_text][\/vc_column][\/vc_row]<\/p>\n","protected":false},"excerpt":{"rendered":"<p>[vc_row][vc_column][vc_column_text]D\u1ef1 \u00e1n X\u00e2y d\u1ef1ng Ch\u01b0\u01a1ng tr\u00ecnh \u0111\u00e0o t\u1ea1o th\u1ea1c s\u1ef9 v\u1ec1 Ch\u00ednh s\u00e1ch v\u00e0 ph\u00e1p lu\u1eadt ch\u1ed1ng bi\u1ebfn \u0111\u1ed5i kh\u00ed h\u1eadu \u00a0 S\u1ed1 \u0111\u1ecbnh danh d\u1ef1 \u00e1n 618874-EPP-1-2020-1-VN-EPPKA2-CBHE-JP \u00a0 Th\u1eddi gian th\u1ef1c hi\u1ec7n Th\u1eddi gian th\u1ef1c hi\u1ec7n d\u1ef1 \u00e1n: t\u1eeb 01\/2021 \u0111\u1ebfn 12\/2023 \u00a0 Kinh ph\u00ed 999.175,00 \u20ac \u00a0 \u0110i\u1ec1u ph\u1ed1i d\u1ef1 \u00e1n \u0110\u1ea1i h\u1ecdc&hellip;<\/p>\n","protected":false},"author":1,"featured_media":0,"parent":0,"menu_order":0,"comment_status":"closed","ping_status":"closed","template":"","meta":{"footnotes":""},"class_list":["post-315","page","type-page","status-publish","hentry","description-off"],"_links":{"self":[{"href":"https:\/\/ccp-law.eu\/vi\/wp-json\/wp\/v2\/pages\/315","targetHints":{"allow":["GET"]}}],"collection":[{"href":"https:\/\/ccp-law.eu\/vi\/wp-json\/wp\/v2\/pages"}],"about":[{"href":"https:\/\/ccp-law.eu\/vi\/wp-json\/wp\/v2\/types\/page"}],"author":[{"embeddable":true,"href":"https:\/\/ccp-law.eu\/vi\/wp-json\/wp\/v2\/users\/1"}],"replies":[{"embeddable":true,"href":"https:\/\/ccp-law.eu\/vi\/wp-json\/wp\/v2\/comments?post=315"}],"version-history":[{"count":3,"href":"https:\/\/ccp-law.eu\/vi\/wp-json\/wp\/v2\/pages\/315\/revisions"}],"predecessor-version":[{"id":318,"href":"https:\/\/ccp-law.eu\/vi\/wp-json\/wp\/v2\/pages\/315\/revisions\/318"}],"wp:attachment":[{"href":"https:\/\/ccp-law.eu\/vi\/wp-json\/wp\/v2\/media?parent=315"}],"curies":[{"name":"wp","href":"https:\/\/api.w.org\/{rel}","templated":true}]}}