{"id":321,"date":"2021-11-02T19:14:44","date_gmt":"2021-11-02T19:14:44","guid":{"rendered":"https:\/\/ccp-law.eu\/scope-and-objectives\/"},"modified":"2022-02-21T11:24:33","modified_gmt":"2022-02-21T11:24:33","slug":"scope-and-objectives","status":"publish","type":"page","link":"https:\/\/ccp-law.eu\/vi\/scope-and-objectives\/","title":{"rendered":"Ph\u1ea1m vi v\u00e0 m\u1ee5c ti\u00eau"},"content":{"rendered":"<p>M\u1ee5c ti\u00eau c\u1ee7a d\u1ef1 \u00e1n l\u00e0 ph\u00e1t tri\u1ec3n, th\u1eed nghi\u1ec7m v\u00e0 \u0111i\u1ec1u ch\u1ec9nh c\u00e1c ch\u01b0\u01a1ng tr\u00ecnh gi\u1ea3ng d\u1ea1y m\u1edbi trong l\u0129nh v\u1ef1c ph\u00e1p lu\u1eadt ch\u1ed1ng bi\u1ebfn \u0111\u1ed5i kh\u00ed h\u1eadu. C\u1ee5 th\u1ec3, vi\u1ec7c t\u00edch h\u1ee3p m\u1ed9t ch\u01b0\u01a1ng tr\u00ecnh gi\u1ea3ng d\u1ea1y \u0111a ng\u00e0nh v\u1ec1 Ch\u00ednh s\u00e1ch v\u00e0 ph\u00e1p lu\u1eadt ch\u1ed1ng bi\u1ebfn \u0111\u1ed5i kh\u00ed h\u1eadu to\u00e0n c\u1ea7u \u0111\u01b0\u1ee3c cung c\u1ea5p nh\u01b0 l\u00e0 m\u1ed9t ch\u01b0\u01a1ng tr\u00ecnh Sau \u0111\u1ea1i h\u1ecdc (PGDIp) ho\u1eb7c d\u01b0\u1edbi d\u1ea1ng ch\u01b0\u01a1ng tr\u00ecnh th\u1ea1c s\u1ef9 Lu\u1eadt h\u1ecdc (LL.M) t\u00f9y thu\u1ed9c v\u00e0o quy\u1ebft \u0111\u1ecbnh cu\u1ed1i c\u00f9ng c\u1ee7a t\u1eebng \u0111\u1ed1i t\u00e1c,\u00a0 nh\u1eb1m gi\u1ea3i quy\u1ebft nhu c\u1ea7u c\u1ee7a m\u1ed9t th\u1ebf h\u1ec7 m\u1edbi nh\u1eefng ng\u01b0\u1eddi c\u00f3 \u00a0b\u1eb1ng th\u1ea1c s\u1ef9 lu\u1eadt h\u1ecdc \u00a0s\u1ebd c\u00f3 ki\u1ebfn th\u1ee9c chuy\u00ean m\u00f4n cao v\u1ec1 c\u00e1c ch\u00ednh s\u00e1ch m\u00f4i tr\u01b0\u1eddng v\u00e0 ph\u00e1p lu\u1eadt ch\u1ed1ng \u00a0bi\u1ebfn \u0111\u1ed5i kh\u00ed h\u1eadu.<\/p>\n<p>D\u1ef1 \u00e1n CCP_LAW s\u1ebd h\u1ed7 tr\u1ee3 Malaysia, \u1ea4n \u0110\u1ed9 v\u00e0 Vi\u1ec7t Nam gi\u1ea3i quy\u1ebft nh\u1eefng th\u00e1ch th\u1ee9c \u0111\u1ed1i v\u1edbi h\u1ec7 th\u1ed1ng gi\u00e1o d\u1ee5c \u0111\u1ea1i h\u1ecdc c\u1ee7a m\u00ecnh\u00a0 th\u00f4ng qua vi\u1ec7c \u00a0n\u00e2ng cao ch\u1ea5t l\u01b0\u1ee3ng v\u00e0 m\u1ee9c \u0111\u1ed9 ph\u00f9 h\u1ee3p\u00a0 \u0111\u1ed1i v\u1edbi th\u1ecb tr\u01b0\u1eddng lao \u0111\u1ed9ng.<\/p>\n<p>Do \u0111\u00f3, D\u1ef1 \u00e1n s\u1ebd n\u00e2ng cao tr\u00ecnh \u0111\u1ed9 n\u0103ng l\u1ef1c v\u00e0 k\u1ef9 n\u0103ng t\u1ea1i c\u00e1c t\u1ed5 ch\u1ee9c gi\u00e1o d\u1ee5c \u0111\u1ea1i h\u1ecdc b\u1eb1ng c\u00e1ch ph\u00e1t tri\u1ec3n ch\u01b0\u01a1ng tr\u00ecnh \u0111\u00e0o t\u1ea1o m\u1edbi v\u00e0 s\u00e1ng t\u1ea1o c\u00f3 \u1ee9ng d\u1ee5ng c\u00f4ng ngh\u1ec7 th\u00f4ng tin v\u00e0 \u00e1p d\u1ee5ng c\u00e1c ph\u01b0\u01a1ng ph\u00e1p gi\u1ea3ng d\u1ea1y \u00a0th\u1ef1c ti\u1ec5n t\u1ed1t nh\u1ea5t \u0111\u1ed1i v\u1edbi ng\u01b0\u1eddi d\u1ea1y v\u00e0 ng\u01b0\u1eddi h\u1ecdc. C\u00e1c m\u00f4n h\u1ecdc trong ch\u01b0\u01a1ng tr\u00ecnh \u0111\u00e0o t\u1ea1o sau \u0111\u1ea1i h\u1ecdc s\u1ebd h\u1ed7 tr\u1ee3 vi\u1ec7c hi\u1ec7n \u0111\u1ea1i h\u00f3a, kh\u1ea3 n\u0103ng ti\u1ebfp c\u1eadn v\u00e0 qu\u1ed1c t\u1ebf h\u00f3a gi\u00e1o d\u1ee5c \u0111\u1ea1i h\u1ecdc \u1edf Malaysia, \u1ea4n \u0110\u1ed9 v\u00e0 Vi\u1ec7t Nam.\u00a0 Vi\u1ec7c th\u00e0nh l\u1eadp Trung t\u00e2m Ch\u00ednh s\u00e1ch v\u00e0 ph\u00e1p lu\u1eadt ch\u1ed1ng \u00a0bi\u1ebfn \u0111\u1ed5i kh\u00ed h\u1eadu t\u1ea1i t\u1ea5t c\u1ea3 c\u00e1c c\u01a1 s\u1edf \u0111\u00e0o t\u1ea1o lu\u1eadt c\u1ee7a c\u00e1c tr\u01b0\u1eddng \u0111\u1ea1i h\u1ecdc ch\u00e2u \u00c1 s\u1ebd h\u1ed7 tr\u1ee3 n\u0103ng l\u1ef1c k\u1ebft n\u1ed1i m\u1ea1ng l\u01b0\u1edbi hi\u1ec7u qu\u1ea3 trong nghi\u00ean c\u1ee9u v\u00e0 kh\u1ea3 n\u0103ng t\u1ea1o \u00a0c\u00e1c k\u1ebft n\u1ed1i \u00a0v\u1edbi n\u1ed7 l\u1ef1c c\u1ee7a ch\u00ednh c\u01a1 s\u1edf gi\u00e1o d\u1ee5c v\u1ec1 ho\u1ea1ch \u0111\u1ecbnh ch\u00ednh s\u00e1ch ch\u1ed1ng bi\u1ebfn \u0111\u1ed5i kh\u00ed h\u1eadu.<\/p>\n<p>T\u00f3m l\u1ea1i, c\u00e1c m\u1ee5c ti\u00eau c\u1ee5 th\u1ec3 c\u1ee7a d\u1ef1 \u00e1n bao g\u1ed3m:<\/p>\n<ul>\n<li>Ph\u00e1t tri\u1ec3n, th\u1eed nghi\u1ec7m v\u00e0 \u0111i\u1ec1u ch\u1ec9nh c\u00e1c ch\u01b0\u01a1ng tr\u00ecnh gi\u1ea3ng d\u1ea1y m\u1edbi trong l\u0129nh v\u1ef1c ph\u00e1p lu\u1eadt ch\u1ed1ng bi\u1ebfn \u0111\u1ed5i Kh\u00ed h\u1eadu<\/li>\n<li>H\u1ed7 tr\u1ee3 hi\u1ec7n \u0111\u1ea1i h\u00f3a, kh\u1ea3 n\u0103ng ti\u1ebfp c\u1eadn v\u00e0 qu\u1ed1c t\u1ebf h\u00f3a gi\u00e1o d\u1ee5c \u0111\u1ea1i h\u1ecdc v\u00e0 gi\u1ea3i quy\u1ebft nh\u1eefng th\u00e1ch th\u1ee9c m\u00e0 h\u1ec7 th\u1ed1ng gi\u00e1o d\u1ee5c \u0111\u1ea1i h\u1ecdc \u1edf Malaysia, \u1ea4n \u0110\u1ed9 v\u00e0 Vi\u1ec7t Nam \u0111ang \u0111\u1ed1i m\u1eb7t<\/li>\n<li>N\u00e2ng cao tr\u00ecnh \u0111\u1ed9 n\u0103ng l\u1ef1c v\u00e0 k\u1ef9 n\u0103ng t\u1ea1i c\u00e1c t\u1ed5 ch\u1ee9c gi\u00e1o d\u1ee5c \u0111\u1ea1i h\u1ecdc b\u1eb1ng c\u00e1ch ph\u00e1t tri\u1ec3n ch\u01b0\u01a1ng tr\u00ecnh \u0111\u00e0o t\u1ea1o m\u1edbi v\u00e0 s\u00e1ng t\u1ea1o \u00e1p d\u1ee5ng c\u00f4ng ngh\u1ec7 th\u00f4ng tin v\u00e0  c\u00e1c ph\u01b0\u01a1ng ph\u00e1p  gi\u1ea3ng d\u1ea1y  th\u1ef1c ti\u1ec5n t\u1ed1t nh\u1ea5t \u0111\u1ed1i v\u1edbi  ng\u01b0\u1eddi d\u1ea1y v\u00e0 ng\u01b0\u1eddi h\u1ecdc<\/li>\n<li>G\u00f3p ph\u1ea7n t\u0103ng c\u01b0\u1eddng h\u1ee3p t\u00e1c gi\u1eefa Li\u00ean minh ch\u00e2u \u00c2u v\u00e0 c\u00e1c qu\u1ed1c gia \u0111\u1ed1i t\u00e1c<\/li>\n<li>Th\u00fac \u0111\u1ea9y m\u1ed1i quan h\u1ec7 gi\u1eefa con ng\u01b0\u1eddi v\u1edbi con ng\u01b0\u1eddi, nh\u1eadn th\u1ee9c v\u00e0 hi\u1ec3u bi\u1ebft gi\u1eefa c\u00e1c n\u1ec1n v\u0103n h\u00f3a<\/li>\n<li>Th\u00e0nh l\u1eadp  Trung t\u00e2m ph\u00e1p lu\u1eadt ch\u1ed1ng bi\u1ebfn \u0111\u1ed5i kh\u00ed h\u1eadu (T\u1ea1i c\u00e1c c\u01a1 s\u1edf gi\u00e1o d\u1ee5c \u0111\u1ea1i h\u1ecdc thu\u1ed9c c\u00e1c n\u01b0\u1edbc \u0111\u1ed1i t\u00e1c)<\/li>\n<\/ul>\n","protected":false},"excerpt":{"rendered":"<p>M\u1ee5c ti\u00eau c\u1ee7a d\u1ef1 \u00e1n l\u00e0 ph\u00e1t tri\u1ec3n, th\u1eed nghi\u1ec7m v\u00e0 \u0111i\u1ec1u ch\u1ec9nh c\u00e1c ch\u01b0\u01a1ng tr\u00ecnh gi\u1ea3ng d\u1ea1y m\u1edbi trong l\u0129nh v\u1ef1c ph\u00e1p lu\u1eadt ch\u1ed1ng bi\u1ebfn \u0111\u1ed5i kh\u00ed h\u1eadu. C\u1ee5 th\u1ec3, vi\u1ec7c t\u00edch h\u1ee3p m\u1ed9t ch\u01b0\u01a1ng tr\u00ecnh gi\u1ea3ng d\u1ea1y \u0111a ng\u00e0nh v\u1ec1 Ch\u00ednh s\u00e1ch v\u00e0 ph\u00e1p lu\u1eadt ch\u1ed1ng bi\u1ebfn \u0111\u1ed5i kh\u00ed h\u1eadu to\u00e0n c\u1ea7u \u0111\u01b0\u1ee3c&hellip;<\/p>\n","protected":false},"author":1,"featured_media":0,"parent":0,"menu_order":0,"comment_status":"closed","ping_status":"closed","template":"","meta":{"footnotes":""},"class_list":["post-321","page","type-page","status-publish","hentry","description-off"],"_links":{"self":[{"href":"https:\/\/ccp-law.eu\/vi\/wp-json\/wp\/v2\/pages\/321","targetHints":{"allow":["GET"]}}],"collection":[{"href":"https:\/\/ccp-law.eu\/vi\/wp-json\/wp\/v2\/pages"}],"about":[{"href":"https:\/\/ccp-law.eu\/vi\/wp-json\/wp\/v2\/types\/page"}],"author":[{"embeddable":true,"href":"https:\/\/ccp-law.eu\/vi\/wp-json\/wp\/v2\/users\/1"}],"replies":[{"embeddable":true,"href":"https:\/\/ccp-law.eu\/vi\/wp-json\/wp\/v2\/comments?post=321"}],"version-history":[{"count":3,"href":"https:\/\/ccp-law.eu\/vi\/wp-json\/wp\/v2\/pages\/321\/revisions"}],"predecessor-version":[{"id":324,"href":"https:\/\/ccp-law.eu\/vi\/wp-json\/wp\/v2\/pages\/321\/revisions\/324"}],"wp:attachment":[{"href":"https:\/\/ccp-law.eu\/vi\/wp-json\/wp\/v2\/media?parent=321"}],"curies":[{"name":"wp","href":"https:\/\/api.w.org\/{rel}","templated":true}]}}