{"id":331,"date":"2021-11-02T19:23:46","date_gmt":"2021-11-02T19:23:46","guid":{"rendered":"https:\/\/ccp-law.eu\/target-groups\/"},"modified":"2022-02-21T11:42:36","modified_gmt":"2022-02-21T11:42:36","slug":"target-groups","status":"publish","type":"page","link":"https:\/\/ccp-law.eu\/vi\/target-groups\/","title":{"rendered":"C\u00e1c nh\u00f3m m\u1ee5c ti\u00eau"},"content":{"rendered":"<p>[vc_row type=&#8221;vc_default&#8221;][vc_column][vc_column_text]<\/p>\n<h3>D\u1ef1 \u00e1n CCP-LAW c\u00f3 4 nh\u00f3m m\u1ee5c ti\u00eau sau:<\/h3>\n<p>[\/vc_column_text][\/vc_column][\/vc_row][vc_row type=&#8221;vc_default&#8221; gap=&#8221;20&#8243; equal_height=&#8221;yes&#8221; content_placement=&#8221;middle&#8221;][vc_column width=&#8221;1\/2&#8243; css=&#8221;.vc_custom_1635880994067{background-color: #1e73be !important;}&#8221;][vc_column_text css=&#8221;.vc_custom_1645443813905{padding-top: 40px !important;padding-right: 50px !important;padding-bottom: 40px !important;padding-left: 50px !important;}&#8221;]<\/p>\n<p style=\"text-align: center;\"><span style=\"color: #ffffff;\">1. \u0110\u1ed9i ng\u0169 gi\u1ea3ng vi\u00ean v\u00e0 c\u00e1c nh\u00e0 nghi\u00ean c\u1ee9u l\u00e0m vi\u1ec7c t\u1ea1i c\u00e1c c\u01a1 s\u1edf gi\u00e1o d\u1ee5c \u0111\u1ea1i h\u1ecdc c\u1ee7a c\u00e1c Qu\u1ed1c gia \u0111\u1ed1i t\u00e1c<br \/>\n<\/span><\/p>\n<p>[\/vc_column_text][\/vc_column][vc_column width=&#8221;1\/2&#8243; css=&#8221;.vc_custom_1635881552974{background-color: #24e2e2 !important;}&#8221;][vc_column_text css=&#8221;.vc_custom_1645443837252{padding-top: 45px !important;padding-right: 50px !important;padding-bottom: 45px !important;padding-left: 50px !important;}&#8221;]<\/p>\n<p style=\"text-align: center;\"><span style=\"color: #ffffff;\">2. C\u00e1c nh\u00e0 th\u1ef1c h\u00e0nh lu\u1eadt, nh\u00e0 ho\u1ea1ch \u0111\u1ecbnh ch\u00ednh s\u00e1ch, gi\u00e1m \u0111\u1ed1c d\u1ef1 \u00e1n, c\u00e1n b\u1ed9 nh\u00e0 n\u01b0\u1edbc v\u00e0 ki\u1ec3m to\u00e1n vi\u00ean v\u1ec1 c\u00e1c v\u1ea5n \u0111\u1ec1 m\u00f4i tr\u01b0\u1eddng<br \/>\n<\/span><\/p>\n<p>[\/vc_column_text][\/vc_column][\/vc_row][vc_row type=&#8221;vc_default&#8221; gap=&#8221;20&#8243; equal_height=&#8221;yes&#8221; content_placement=&#8221;middle&#8221;][vc_column width=&#8221;1\/2&#8243; css=&#8221;.vc_custom_1635881520522{background-color: #42d69b !important;}&#8221;][vc_column_text css=&#8221;.vc_custom_1645443855423{padding-right: 50px !important;padding-left: 50px !important;}&#8221;]<\/p>\n<p style=\"text-align: center;\"><span style=\"color: #ffffff;\">3. Sinh vi\u00ean t\u1ed1t nghi\u1ec7p t\u1eeb c\u00e1c tr\u01b0\u1eddng sau: khoa h\u1ecdc m\u00f4i tr\u01b0\u1eddng, nghi\u00ean c\u1ee9u m\u00f4i tr\u01b0\u1eddng khoa h\u1ecdc x\u00e3 h\u1ed9i, khoa h\u1ecdc t\u1ef1 nhi\u00ean ho\u1eb7c k\u1ef9 thu\u1eadt m\u00f4i tr\u01b0\u1eddng, ho\u1eb7c m\u1ed9t l\u0129nh v\u1ef1c li\u00ean quan v\u1ec1 khoa h\u1ecdc x\u00e3 h\u1ed9i ho\u1eb7c lu\u1eadt<br \/>\n<\/span><\/p>\n<p>[\/vc_column_text][\/vc_column][vc_column width=&#8221;1\/2&#8243; css=&#8221;.vc_custom_1635881457692{background-color: #62b200 !important;}&#8221;][vc_column_text css=&#8221;.vc_custom_1645443872978{padding-right: 50px !important;padding-left: 50px !important;}&#8221;]<\/p>\n<p style=\"text-align: center;\"><span style=\"color: #ffffff;\">4. L\u00e3nh \u0111\u1ea1o qu\u1ed1c gia v\u00e0 \u0111\u1ecba ph\u01b0\u01a1ng, t\u1ea5t c\u1ea3 c\u00e1c b\u00ean li\u00ean quan v\u1ec1 lu\u1eadt ph\u00e1p v\u00e0 ch\u00ednh s\u00e1ch m\u00f4i tr\u01b0\u1eddng nh\u01b0 c\u00e1c t\u1ed5 ch\u1ee9c t\u01b0 v\u1ea5n, c\u00e1c t\u1ed5 ch\u1ee9c t\u01b0 nh\u00e2n v\u00e0 c\u00e1c hi\u1ec7p h\u1ed9i d\u00e2n s\u1ef1 v\u00e0 hi\u1ec7p h\u1ed9i<br \/>\n<\/span><\/p>\n<p>[\/vc_column_text][\/vc_column][\/vc_row][vc_row type=&#8221;vc_default&#8221; css=&#8221;.vc_custom_1635881759687{padding-top: 50px !important;}&#8221;][vc_column][vc_column_text]<strong>1. \u0110\u1ed9i ng\u0169 gi\u1ea3ng vi\u00ean v\u00e0 c\u00e1c nh\u00e0 nghi\u00ean c\u1ee9u l\u00e0m vi\u1ec7c t\u1ea1i c\u00e1c c\u01a1 s\u1edf gi\u00e1o d\u1ee5c \u0111\u1ea1i h\u1ecdc c\u1ee7a c\u00e1c qu\u1ed1c gia \u0111\u1ed1i t\u00e1c<\/strong><\/p>\n<p>\u0110\u1ed9i ng\u0169 gi\u1ea3ng vi\u00ean v\u00e0 tr\u1ee3 gi\u1ea3ng s\u1ebd \u0111\u01b0\u1ee3c \u0111\u00e0o t\u1ea1o v\u1ec1 n\u1ed9i dung v\u00e0 ph\u01b0\u01a1ng ph\u00e1p gi\u1ea3ng d\u1ea1y c\u1ee7a Ch\u01b0\u01a1ng tr\u00ecnh \u0111\u00e0o t\u1ea1o m\u1edbi v\u1ec1 Ch\u00ednh s\u00e1ch v\u00e0 ph\u00e1p lu\u1eadt ch\u1ed1ng bi\u1ebfn \u0111\u1ed5i kh\u00ed h\u1eadu to\u00e0n c\u1ea7u (B\u0110KH).<\/p>\n<p>M\u1ed9t nh\u00f3m l\u1edbn h\u01a1n g\u1ed3m c\u00e1c c\u00e1n b\u1ed9 gi\u1ea3ng vi\u00ean (h\u1ecdc gi\u1ea3, gi\u1ea3ng vi\u00ean v\u00e0 nh\u00e0 nghi\u00ean c\u1ee9u) s\u1ebd tham gia ch\u01b0\u01a1ng tr\u00ecnh \u0111\u00e0o t\u1ea1o tr\u1ef1c tuy\u1ebfn n\u00e2ng cao n\u0103ng l\u1ef1c v\u1ec1 c\u00e1c ph\u01b0\u01a1ng ph\u00e1p gi\u1ea3ng d\u1ea1y d\u1ef1a tr\u00ean C\u00f4ng ngh\u1ec7 th\u00f4ng tin v\u00e0 truy\u1ec1n th\u00f4ng v\u00e0 s\u1eed d\u1ee5ng ph\u01b0\u01a1ng ph\u00e1p h\u1ecdc t\u1eadp \u0111a d\u1ea1ng v\u00e0 linh ho\u1ea1t \u0111\u01b0\u1ee3c tri\u1ec3n khai \u1edf c\u00e1c c\u01a1 s\u1edf gi\u00e1o d\u1ee5c \u0111\u1ea1i h\u1ecdc ch\u00e2u \u00c2u.<\/p>\n<p><strong>2. C\u00e1c nh\u00e0 th\u1ef1c h\u00e0nh lu\u1eadt , nh\u00e0 ho\u1ea1ch \u0111\u1ecbnh ch\u00ednh s\u00e1ch, gi\u00e1m \u0111\u1ed1c d\u1ef1 \u00e1n, c\u00e1n b\u1ed9 nh\u00e0 n\u01b0\u1edbc v\u00e0 ki\u1ec3m to\u00e1n vi\u00ean v\u1ec1 c\u00e1c v\u1ea5n \u0111\u1ec1 m\u00f4i tr\u01b0\u1eddng<\/strong><\/p>\n<p>H\u1ecd s\u1ebd x\u00e2y d\u1ef1ng n\u0103ng l\u1ef1c ph\u00e2n t\u00edch ch\u00ednh s\u00e1ch th\u00f4ng qua ch\u01b0\u01a1ng tr\u00ecnh gi\u00e1o d\u1ee5c \u0111a l\u0129nh v\u1ef1c n\u00e0y m\u00e0 s\u1ebd \u0111\u01b0\u1ee3c cung c\u1ea5p \u1edf tr\u00ecnh \u0111\u1ed9 Sau \u0111\u1ea1i h\u1ecdc (PGDIp) ho\u1eb7c Th\u1ea1c s\u1ef9 Lu\u1eadt c\u0103n c\u1ee9 v\u00e0o quy\u1ebft \u0111\u1ecbnh cu\u1ed1i c\u00f9ng c\u1ee7a m\u1ed7i c\u01a1 s\u1edf gi\u00e1o d\u1ee5c \u0111\u1ea1i h\u1ecdc. H\u1ecd s\u1ebd \u0111\u01b0\u1ee3c h\u01b0\u1edbng d\u1eabn v\u00e0 \u0111\u00e0o t\u1ea1o chuy\u00ean s\u00e2u \u0111\u1ec3 n\u1eafm v\u1eefng ho\u1ea1ch \u0111\u1ecbnh ch\u00ednh s\u00e1ch, ra quy\u1ebft \u0111\u1ecbnh v\u00e0 \u0111\u1ed5i m\u1edbi d\u1ef1a tr\u00ean ki\u1ebfn th\u1ee9c c\u1ee7a h\u1ecd v\u1ec1 lu\u1eadt ph\u00e1p v\u00e0 ch\u00ednh s\u00e1ch v\u1ec1 bi\u1ebfn \u0111\u1ed5i kh\u00ed h\u1eadu.<\/p>\n<p><strong>3. Sinh vi\u00ean t\u1ed1t nghi\u1ec7p c\u00e1c tr\u01b0\u1eddng sau: khoa h\u1ecdc m\u00f4i tr\u01b0\u1eddng, nghi\u00ean c\u1ee9u m\u00f4i tr\u01b0\u1eddng khoa h\u1ecdc x\u00e3 h\u1ed9i, khoa h\u1ecdc t\u1ef1 nhi\u00ean ho\u1eb7c k\u1ef9 thu\u1eadt m\u00f4i tr\u01b0\u1eddng, ho\u1eb7c m\u1ed9t l\u0129nh v\u1ef1c li\u00ean quan v\u1ec1 khoa h\u1ecdc x\u00e3 h\u1ed9i ho\u1eb7c lu\u1eadt<\/strong><\/p>\n<p>Sinh vi\u00ean t\u1ed1t nghi\u1ec7p c\u1ee7a ch\u01b0\u01a1ng tr\u00ecnh s\u1ebd \u0111\u01b0\u1ee3c gi\u1edbi thi\u1ec7u v\u1ec1 l\u0129nh v\u1ef1c ph\u00e1p lu\u1eadt v\u00e0 ch\u00ednh s\u00e1ch kh\u00ed h\u1eadu \u1edf c\u1ea5p qu\u1ed1c gia v\u00e0 c\u1ea5p qu\u1ed1c t\u1ebf v\u00e0 s\u1ebd \u0111\u01b0\u1ee3c n\u00e2ng cao nh\u1eadn th\u1ee9c v\u1ec1 ho\u1ea1t \u0111\u1ed9ng c\u1ee7a ch\u00ednh s\u00e1ch m\u00f4i tr\u01b0\u1eddng qu\u1ed1c t\u1ebf v\u00e0 lu\u1eadt bi\u1ebfn \u0111\u1ed5i kh\u00ed h\u1eadu.<\/p>\n<p><strong>4. L\u00e3nh \u0111\u1ea1o qu\u1ed1c gia v\u00e0 \u0111\u1ecba ph\u01b0\u01a1ng, t\u1ea5t c\u1ea3 c\u00e1c b\u00ean li\u00ean quan v\u1ec1 lu\u1eadt ph\u00e1p v\u00e0 ch\u00ednh s\u00e1ch m\u00f4i tr\u01b0\u1eddng nh\u01b0 c\u00e1c t\u1ed5 ch\u1ee9c t\u01b0 v\u1ea5n, c\u00e1c t\u1ed5 ch\u1ee9c t\u01b0 nh\u00e2n v\u00e0 c\u00e1c hi\u1ec7p h\u1ed9i d\u00e2n s\u1ef1 v\u00e0 hi\u1ec7p h\u1ed9i <\/strong><\/p>\n<p>Vi\u1ec7c tham gia t\u00edch c\u1ef1c c\u1ee7a c\u00e1c ch\u00ednh quy\u1ec1n \u0111\u1ecba ph\u01b0\u01a1ng v\u00e0 trung \u01b0\u01a1ng nh\u1eb1m th\u00fac \u0111\u1ea9y c\u00f4ng t\u00e1c x\u00e2y d\u1ef1ng c\u00e1c ch\u00ednh s\u00e1ch v\u1ec1 bi\u1ebfn \u0111\u1ed5i kh\u00ed h\u1eadu nh\u1eb1m h\u1ed7 tr\u1ee3 c\u00e1c \u0110\u00f3ng g\u00f3p do qu\u1ed1c gia t\u1ef1 nguy\u1ec7n(INDCs) v\u00e0 c\u1ea3i thi\u1ec7n c\u00e1c ch\u00ednh s\u00e1ch c\u0169.[\/vc_column_text][\/vc_column][\/vc_row]<\/p>\n","protected":false},"excerpt":{"rendered":"<p>[vc_row type=&#8221;vc_default&#8221;][vc_column][vc_column_text] D\u1ef1 \u00e1n CCP-LAW c\u00f3 4 nh\u00f3m m\u1ee5c ti\u00eau sau: [\/vc_column_text][\/vc_column][\/vc_row][vc_row type=&#8221;vc_default&#8221; gap=&#8221;20&#8243; equal_height=&#8221;yes&#8221; content_placement=&#8221;middle&#8221;][vc_column width=&#8221;1\/2&#8243; css=&#8221;.vc_custom_1635880994067{background-color: #1e73be !important;}&#8221;][vc_column_text css=&#8221;.vc_custom_1645443813905{padding-top: 40px !important;padding-right: 50px !important;padding-bottom: 40px !important;padding-left: 50px !important;}&#8221;] 1. \u0110\u1ed9i ng\u0169 gi\u1ea3ng vi\u00ean v\u00e0 c\u00e1c nh\u00e0 nghi\u00ean c\u1ee9u l\u00e0m vi\u1ec7c t\u1ea1i c\u00e1c c\u01a1 s\u1edf gi\u00e1o d\u1ee5c \u0111\u1ea1i h\u1ecdc c\u1ee7a c\u00e1c Qu\u1ed1c gia \u0111\u1ed1i t\u00e1c&hellip;<\/p>\n","protected":false},"author":1,"featured_media":0,"parent":0,"menu_order":0,"comment_status":"closed","ping_status":"closed","template":"","meta":{"footnotes":""},"class_list":["post-331","page","type-page","status-publish","hentry","description-off"],"_links":{"self":[{"href":"https:\/\/ccp-law.eu\/vi\/wp-json\/wp\/v2\/pages\/331","targetHints":{"allow":["GET"]}}],"collection":[{"href":"https:\/\/ccp-law.eu\/vi\/wp-json\/wp\/v2\/pages"}],"about":[{"href":"https:\/\/ccp-law.eu\/vi\/wp-json\/wp\/v2\/types\/page"}],"author":[{"embeddable":true,"href":"https:\/\/ccp-law.eu\/vi\/wp-json\/wp\/v2\/users\/1"}],"replies":[{"embeddable":true,"href":"https:\/\/ccp-law.eu\/vi\/wp-json\/wp\/v2\/comments?post=331"}],"version-history":[{"count":3,"href":"https:\/\/ccp-law.eu\/vi\/wp-json\/wp\/v2\/pages\/331\/revisions"}],"predecessor-version":[{"id":334,"href":"https:\/\/ccp-law.eu\/vi\/wp-json\/wp\/v2\/pages\/331\/revisions\/334"}],"wp:attachment":[{"href":"https:\/\/ccp-law.eu\/vi\/wp-json\/wp\/v2\/media?parent=331"}],"curies":[{"name":"wp","href":"https:\/\/api.w.org\/{rel}","templated":true}]}}