{"id":335,"date":"2021-11-02T19:16:29","date_gmt":"2021-11-02T19:16:29","guid":{"rendered":"https:\/\/ccp-law.eu\/impact\/"},"modified":"2022-02-21T11:50:43","modified_gmt":"2022-02-21T11:50:43","slug":"impact","status":"publish","type":"page","link":"https:\/\/ccp-law.eu\/vi\/impact\/","title":{"rendered":"T\u00e1c \u0111\u1ed9ng"},"content":{"rendered":"<p>[vc_row][vc_column][vc_column_text]Bi\u1ebfn \u0111\u1ed5i kh\u00ed h\u1eadu l\u00e0 v\u1ea5n \u0111\u1ec1 li\u00ean quan \u0111\u1ebfn m\u00f4i tr\u01b0\u1eddng h\u1ebft s\u1ee9c ph\u1ee9c t\u1ea1p v\u00e0 kh\u1ea9n c\u1ea5p nh\u1ea5t \u0111\u1ed1i v\u1edbi c\u1ed9ng \u0111\u1ed3ng qu\u1ed1c t\u1ebf. C\u00e1c gi\u1ea3i ph\u00e1p trong ch\u00ednh s\u00e1ch v\u00e0 qu\u1ea3n tr\u1ecb l\u00e0 th\u1eadt s\u1ef1 c\u1ea7n thi\u1ebft \u0111\u1ec3 gi\u1ea3m thi\u1ec3u c\u00e1c t\u00e1c \u0111\u1ed9ng. \u0110\u1ec3 t\u0103ng c\u01b0\u1eddng h\u1ee3p t\u00e1c qu\u1ed1c t\u1ebf v\u00e0 \u0111\u1ea3m b\u1ea3o vi\u1ec7c th\u1ef1c thi c\u00f3 hi\u1ec7u qu\u1ea3 c\u00e1c th\u1ecfa thu\u1eadn (hi\u1ec7p \u01b0\u1edbc) v\u1ec1 Bi\u1ebfn \u0111\u1ed5i Kh\u00ed h\u1eadu, Hi\u1ec7p \u0111\u1ecbnh Paris, 2016 (Paris Agreement, 2016) \u0111\u00e3 x\u00e1c nh\u1eadn h\u1ec7 th\u1ed1ng c\u00e1c \u0110\u00f3ng g\u00f3p do qu\u1ed1c gia t\u1ef1 nguy\u1ec7n (INDCs), \u00e1p d\u1ee5ng m\u00f4 h\u00ecnh t\u1eeb d\u01b0\u1edbi l\u00ean (bottom-up). Tuy nhi\u00ean, Malaysia, \u1ea4n \u0110\u1ed9 v\u00e0 Vi\u1ec7t Nam n\u1eb1m trong s\u1ed1 c\u00e1c qu\u1ed1c gia ch\u01b0a s\u1eb5n s\u00e0ng v\u1edbi c\u00e1c \u0111i\u1ec1u kho\u1ea3n c\u1ee7a Hi\u1ec7p \u0111\u1ecbnh Paris. N\u0103ng l\u1ef1c th\u1ec3 ch\u1ebf \u0111\u1ec3 gi\u00e1m s\u00e1t v\u00e0 t\u0103ng c\u01b0\u1eddng ch\u00ednh s\u00e1ch c\u00f2n h\u1ea1n ch\u1ebf v\u00e0 \u1ea4n \u0110\u1ed9, trong s\u1ed1 nh\u1eefng qu\u1ed1c gia ph\u00e1t t\u00e1n \u00f4 nhi\u1ec5m l\u1edbn nh\u1ea5t ng\u00e0y c\u00e0ng vi ph\u1ea1m kh\u00f4ng th\u1ec3 ki\u1ec3m so\u00e1t c\u00e1c ti\u00eau chu\u1ea9n v\u1ec1 m\u00f4i tr\u01b0\u1eddng.<\/p>\n<p>\u0110\u1ec3 \u0111\u1ea3m b\u1ea3o vi\u1ec7c th\u1ef1c thi c\u00e1c hi\u1ec7p \u01b0\u1edbc v\u1ec1 Bi\u1ebfn \u0111\u1ed5i Kh\u00ed h\u1eadu, s\u1ef1 c\u1ea3i ti\u1ebfn trong gi\u00e1o d\u1ee5c \u0111\u1ea1i h\u1ecdc c\u1ea7n t\u1eadp trung v\u00e0o vi\u1ec7c \u0111\u00e0o t\u1ea1o \u0111\u1ed9i ng\u0169 gi\u1ea3ng vi\u00ean k\u1ebft h\u1ee3p \u0111\u1ea7y \u0111\u1ee7 ki\u1ebfn th\u1ee9c, k\u1ef9 n\u0103ng v\u00e0 th\u00e1i \u0111\u1ed9 \u0111\u1ec3 \u0111\u01b0a c\u00e1c c\u01a1 s\u1edf gi\u00e1o d\u1ee5c \u0111\u1ea1i h\u1ecdc ph\u00e1t tri\u1ec3n theo h\u01b0\u1edbng b\u1ec1n v\u1eefng v\u00e0 l\u1ea5p \u0111\u1ea7y kho\u1ea3ng tr\u1ed1ng ki\u1ebfn th\u1ee9c v\u1ec1 Bi\u1ebfn \u0111\u1ed5i Kh\u00ed h\u1eadu trong c\u00e1c ch\u01b0\u01a1ng tr\u00ecnh gi\u1ea3ng d\u1ea1y \u0111\u01b0\u1ee3c cung c\u1ea5p. \u0110\u1ec3 \u0111\u00e1p \u1ee9ng nhu c\u1ea7u n\u00e0y, D\u1ef1 \u00e1n CCP-Law s\u1ebd ti\u1ebfn h\u00e0nh th\u1eed nghi\u1ec7m v\u00e0 x\u00e2y d\u1ef1ng ch\u01b0\u01a1ng tr\u00ecnh gi\u1ea3ng d\u1ea1y sau \u0111\u1ea1i h\u1ecdc nh\u1eb1m h\u00ecnh th\u00e0nh v\u00e0 n\u00e2ng s\u1ed1 l\u01b0\u1ee3ng nh\u00e0 th\u1ef1c h\u00e0nh lu\u1eadt, nh\u00e0 ho\u1ea1ch \u0111\u1ecbnh ch\u00ednh s\u00e1ch v\u00e0 c\u00f4ng ch\u1ee9c nh\u00e0 n\u01b0\u1edbc c\u0169ng nh\u01b0 h\u1ecdc vi\u00ean t\u1ed1t nghi\u1ec7p nhi\u1ec1u chuy\u00ean ng\u00e0nh kh\u00e1c nhau nh\u1eb1m gi\u00fap gi\u1ea3i quy\u1ebft nhu c\u1ea7u x\u00e2y d\u1ef1ng v\u00e0 c\u1ea3i c\u00e1ch khung th\u1ec3 ch\u1ebf v\u00e0 c\u00e1c \u0110\u00f3ng g\u00f3p do qu\u1ed1c gia t\u1ef1 nguy\u1ec7n t\u1ea1i qu\u1ed1c gia c\u1ee7a h\u1ecd.<\/p>\n<p>&nbsp;<\/p>\n<p>C\u00e1c kh\u00f3a h\u1ecdc m\u1edbi hi v\u1ecdng c\u00f3 t\u00e1c \u0111\u1ed9ng l\u1edbn v\u00ec d\u1ef1 ki\u1ebfn \u0111\u1ea1t \u0111\u01b0\u1ee3c c\u00e1c k\u1ebft qu\u1ea3 nh\u01b0 sau:<\/p>\n<ul>\n<li>H\u1ed7 tr\u1ee3 vi\u1ec7c hi\u1ec7n \u0111\u1ea1i h\u00f3a, kh\u1ea3 n\u0103ng c\u00f3 th\u1ec3 ti\u1ebfp c\u1eadn, v\u00e0 qu\u1ed1c t\u1ebf h\u00f3a gi\u00e1o d\u1ee5c \u0111\u1ea1i h\u1ecdc t\u1ea1i c\u00e1c c\u01a1 s\u1edf gi\u00e1o d\u1ee5c \u0111\u1ea1i h\u1ecdc c\u1ee7a c\u00e1c qu\u1ed1c gia \u0111\u1ed1i t\u00e1c. Ch\u1ea5t l\u01b0\u1ee3ng gi\u00e1o d\u1ee5c \u0111\u1ea1i h\u1ecdc nh\u00ecn chung s\u1ebd \u0111\u01b0\u1ee3c c\u1ea3i thi\u1ec7n v\u00ec s\u1ebd mang \u0111\u1ed1i t\u01b0\u1ee3ng m\u1ee5c ti\u00eau c\u00f3 t\u00ednh qu\u1ed1c t\u1ebf v\u00e0o trong ch\u01b0\u01a1ng tr\u00ecnh gi\u1ea3ng d\u1ea1y Ch\u00ednh s\u00e1ch v\u00e0 ph\u00e1p lu\u1eadt ch\u1ed1ng bi\u1ebfn \u0111\u1ed5i kh\u00ed h\u1eadu c\u1ee7a \u0111\u1ecba ph\u01b0\u01a1ng, xem x\u00e9t c\u00e1c r\u00e0ng bu\u1ed9c ch\u1ee7 y\u1ebfu trong vi\u1ec7c ph\u00e1t tri\u1ec3n, \u00e1p d\u1ee5ng v\u00e0 th\u1ef1c thi khung ph\u00e1p l\u00fd th\u00e2n thi\u1ec7n v\u1edbi m\u00f4i tr\u01b0\u1eddng. Vi\u1ec7c th\u00e0nh l\u1eadp c\u00e1c Trung t\u00e2m v\u1ec1 Ch\u00ednh s\u00e1ch v\u00e0 ph\u00e1p lu\u1eadt ch\u1ed1ng bi\u1ebfn \u0111\u1ed5i kh\u00ed h\u1eadu s\u1ebd gi\u00fap n\u00e2ng cao n\u0103ng l\u1ef1c k\u1ebft n\u1ed1i m\u1ea1ng l\u01b0\u1edbi hi\u1ec7u qu\u1ea3 v\u1ec1 nghi\u00ean c\u1ee9u v\u00e0 kh\u1ea3 n\u0103ng t\u1ea1o c\u00e1c k\u1ebft n\u1ed1i v\u1edbi n\u1ed7 l\u1ef1c c\u1ee7a ch\u00ednh c\u01a1 s\u1edf gi\u00e1o d\u1ee5c v\u1ec1 ho\u1ea1ch \u0111\u1ecbnh ch\u00ednh s\u00e1ch ch\u1ed1ng bi\u1ebfn \u0111\u1ed5i kh\u00ed h\u1eadu.<\/li>\n<li>H\u1ed7 tr\u1ee3 c\u00e1c c\u01a1 s\u1edf gi\u00e1o d\u1ee5c \u0111\u1ea1i h\u1ecdc c\u1ee7a c\u00e1c qu\u1ed1c gia \u0111\u1ed1i t\u00e1c \u0111\u1ed1i ph\u00f3 v\u1edbi nh\u1eefng th\u00e1ch th\u1ee9c c\u1ee7a h\u1ec7 th\u1ed1ng gi\u00e1o d\u1ee5c \u0111\u1ea1i h\u1ecdc b\u1eb1ng c\u00e1ch c\u1ea3i thi\u1ec7n ch\u1ea5t l\u01b0\u1ee3ng v\u00e0 m\u1ee9c \u0111\u1ed9 ph\u00f9 h\u1ee3p v\u1edbi th\u1ecb tr\u01b0\u1eddng lao \u0111\u1ed9ng.<\/li>\n<li>C\u1ea3i thi\u1ec7n n\u0103ng l\u1ef1c v\u00e0 k\u1ef9 n\u0103ng c\u1ee7a \u0111\u1ed9i ng\u0169 gi\u1ea3ng vi\u00ean v\u00e0 h\u1ecdc vi\u00ean t\u1ea1i c\u00e1c c\u01a1 s\u1edf gi\u00e1o d\u1ee5c \u0111\u1ea1i h\u1ecdc b\u1eb1ng c\u00e1ch ph\u00e1t tri\u1ec3n ch\u01b0\u01a1ng tr\u00ecnh gi\u1ea3ng d\u1ea1y d\u1ef1a tr\u00ean \u1ee9ng d\u1ee5ng CNTT \u0111\u1ed5i m\u1edbi v\u00e0 \u00e1p d\u1ee5ng c\u00e1c ph\u01b0\u01a1ng ph\u00e1p gi\u1ea3ng d\u1ea1y \u0111i\u1ec3n h\u00ecnh ti\u00ean ti\u1ebfn<\/li>\n<li>\u0110\u00f3ng g\u00f3p v\u00e0o s\u1ef1 h\u1ee3p t\u00e1c ng\u00e0y c\u00e0ng ph\u00e1t tri\u1ec3n gi\u1eefa EU v\u00e0 c\u00e1c qu\u1ed1c gia \u0111\u1ed1i t\u00e1c th\u00f4ng qua c\u00e1c chuy\u1ebfn tham quan h\u1ecdc t\u1eadp nh\u1eb1m n\u00e2ng cao n\u0103ng l\u1ef1c \u0111\u1ed9i ng\u0169 gi\u1ea3ng vi\u00ean c\u1ee7a c\u00e1c c\u01a1 s\u1edf gi\u00e1o d\u1ee5c ch\u00e2u \u00c1 v\u00e0 s\u1ef1 k\u1ebft h\u1ee3p mang t\u00ednh t\u1ef1 nguy\u1ec7n v\u1edbi c\u00e1c ph\u00e1t tri\u1ec3n c\u1ee7a EU trong c\u00e1c ch\u01b0\u01a1ng tr\u00ecnh gi\u1ea3ng d\u1ea1y lu\u1eadt ch\u1ed1ng bi\u1ebfn \u0111\u1ed5i kh\u00ed h\u1eadu v\u00e0 ch\u00ednh s\u00e1ch m\u00f4i tr\u01b0\u1eddng c\u0169ng nh\u01b0 s\u1ef1 trao \u0111\u1ed5i m\u00f4 h\u00ecnh th\u1ef1c hi\u1ec7n t\u1ed1t nh\u1ea5t v\u1ec1 l\u0129nh v\u1ef1c n\u00e0y m\u00e0 s\u1ebd c\u00f9ng t\u00f4n tr\u1ecdng c\u00e1c y\u00eau c\u1ea7u c\u1ee7a qu\u1ed1c gia.<\/li>\n<\/ul>\n<p>&nbsp;<\/p>\n<p><strong>Gi\u00e1 tr\u1ecb gia t\u0103ng c\u1ee7a D\u1ef1 \u00e1n c\u00f3 s\u1ef1 can thi\u1ec7p c\u1ee7a ch\u00e2u \u00c2u<\/strong><\/p>\n<p>L\u00e0 c\u01a1 quan kh\u1edfi x\u01b0\u1edbng c\u00e1c \u0111\u00e0m ph\u00e1n v\u1ec1 kh\u00ed h\u1eadu qu\u1ed1c t\u1ebf, EU \u0111\u00f3ng vai tr\u00f2 d\u1eabn \u0111\u1ea7u v\u1ec1 gi\u1ea3m thi\u1ec3u to\u00e0n c\u1ea7u. Ph\u00e1p lu\u1eadt v\u1ec1 bi\u1ebfn \u0111\u1ed5i kh\u00ed h\u1eadu v\u00e0 gi\u1ea3m thi\u1ec3u kh\u00ed carbon c\u1ee7a EU lu\u00f4n c\u00f3 lu\u1eadn ch\u1ee9ng v\u00e0 ph\u01b0\u01a1ng ph\u00e1p ti\u1ebfp c\u1eadn t\u1eebng b\u01b0\u1edbc \u0111\u01b0\u1ee3c \u00e1p d\u1ee5ng \u0111\u1ec3 ph\u00e1t tri\u1ec3n v\u00e0 c\u1ea3i thi\u1ec7n ch\u00ednh s\u00e1ch r\u1ea5t c\u00f3 \u1ea5n t\u01b0\u1ee3ng. \u0110\u00e2y ch\u00ednh l\u00e0 h\u1ec7 th\u1ed1ng ch\u00ednh y\u1ebfu \u0111\u1ea7u ti\u00ean nh\u1eb1m \u0111\u1eb7t khung r\u00e0ng bu\u1ed9c ph\u00e1p l\u00fd cho nh\u1eefng cam k\u1ebft c\u1ee7a n\u00f3 theo Hi\u1ec7p \u0111\u1ecbnh Paris. V\u00ec v\u1eady, k\u1ebft qu\u1ea3 d\u1ef1 ki\u1ebfn c\u1ee7a D\u1ef1 \u00e1n ch\u1ec9 c\u00f3 th\u1ec3 \u0111\u1ea1t \u0111\u01b0\u1ee3c th\u00f4ng qua vi\u1ec7c chuy\u1ec3n giao kh\u1ea3 n\u0103ng, chuy\u00ean m\u00f4n cao v\u1ec1 ph\u00e1p lu\u1eadt t\u1eeb c\u00e1c c\u01a1 s\u1edf gi\u00e1o d\u1ee5c \u0111\u1ea1i h\u1ecdc thu\u1ed9c c\u00e1c qu\u1ed1c gia EU \u0111\u1ebfn c\u00e1c c\u01a1 s\u1edf gi\u00e1o d\u1ee5c \u0111\u1ea1i h\u1ecdc thu\u1ed9c c\u00e1c qu\u1ed1c gia \u0111\u1ed1i t\u00e1c, s\u1ef1 trao \u0111\u1ed5i c\u00e1c k\u1ef9 thu\u1eadt gi\u1ea3ng d\u1ea1y \u0111\u1ed5i m\u1edbi \u0111i\u1ec3n h\u00ecnh, t\u1eadp hu\u1ea5n n\u00e2ng cao n\u0103ng l\u1ef1c cho \u0111\u1ed9i ng\u0169 gi\u1ea3ng vi\u00ean v\u00e0 \u0111\u00f3ng g\u00f3p c\u1ee7a c\u00e1c c\u01a1 s\u1edf gi\u00e1o d\u1ee5c \u0111\u1ea1i h\u1ecdc thu\u1ed9c c\u00e1c qu\u1ed1c gia EU trong vi\u1ec7c ph\u00e1t tri\u1ec3n n\u1ed9i dung ch\u01b0\u01a1ng tr\u00ecnh gi\u1ea3ng d\u1ea1y m\u1edbi k\u1ebft h\u1ee3p quy tr\u00ecnh \u0111\u1ea3m b\u1ea3o ch\u1ea5t l\u01b0\u1ee3ng v\u1edbi c\u00e1c ti\u00eau chu\u1ea9n v\u00e0 h\u01b0\u1edbng d\u1eabn c\u1ee7a ch\u00e2u \u00c2u.<\/p>\n<p>&nbsp;<\/p>\n<p>&nbsp;<\/p>\n<p><em>Disclaimer:<\/em><\/p>\n<p><strong><em>\u201c<\/em><\/strong><em>The European Commission&#8217;s support for the production of this publication does not constitute an endorsement of the contents, which reflect the views only of the authors, and the Commission cannot be held responsible for any use which may be made of the information contained therein<strong>\u201d<\/strong> <\/em>[\/vc_column_text][\/vc_column][\/vc_row]<\/p>\n","protected":false},"excerpt":{"rendered":"<p>[vc_row][vc_column][vc_column_text]Bi\u1ebfn \u0111\u1ed5i kh\u00ed h\u1eadu l\u00e0 v\u1ea5n \u0111\u1ec1 li\u00ean quan \u0111\u1ebfn m\u00f4i tr\u01b0\u1eddng h\u1ebft s\u1ee9c ph\u1ee9c t\u1ea1p v\u00e0 kh\u1ea9n c\u1ea5p nh\u1ea5t \u0111\u1ed1i v\u1edbi c\u1ed9ng \u0111\u1ed3ng qu\u1ed1c t\u1ebf. C\u00e1c gi\u1ea3i ph\u00e1p trong ch\u00ednh s\u00e1ch v\u00e0 qu\u1ea3n tr\u1ecb l\u00e0 th\u1eadt s\u1ef1 c\u1ea7n thi\u1ebft \u0111\u1ec3 gi\u1ea3m thi\u1ec3u c\u00e1c t\u00e1c \u0111\u1ed9ng. \u0110\u1ec3 t\u0103ng c\u01b0\u1eddng h\u1ee3p t\u00e1c qu\u1ed1c t\u1ebf v\u00e0 \u0111\u1ea3m&hellip;<\/p>\n","protected":false},"author":1,"featured_media":0,"parent":0,"menu_order":0,"comment_status":"closed","ping_status":"closed","template":"","meta":{"footnotes":""},"class_list":["post-335","page","type-page","status-publish","hentry","description-off"],"_links":{"self":[{"href":"https:\/\/ccp-law.eu\/vi\/wp-json\/wp\/v2\/pages\/335","targetHints":{"allow":["GET"]}}],"collection":[{"href":"https:\/\/ccp-law.eu\/vi\/wp-json\/wp\/v2\/pages"}],"about":[{"href":"https:\/\/ccp-law.eu\/vi\/wp-json\/wp\/v2\/types\/page"}],"author":[{"embeddable":true,"href":"https:\/\/ccp-law.eu\/vi\/wp-json\/wp\/v2\/users\/1"}],"replies":[{"embeddable":true,"href":"https:\/\/ccp-law.eu\/vi\/wp-json\/wp\/v2\/comments?post=335"}],"version-history":[{"count":2,"href":"https:\/\/ccp-law.eu\/vi\/wp-json\/wp\/v2\/pages\/335\/revisions"}],"predecessor-version":[{"id":337,"href":"https:\/\/ccp-law.eu\/vi\/wp-json\/wp\/v2\/pages\/335\/revisions\/337"}],"wp:attachment":[{"href":"https:\/\/ccp-law.eu\/vi\/wp-json\/wp\/v2\/media?parent=335"}],"curies":[{"name":"wp","href":"https:\/\/api.w.org\/{rel}","templated":true}]}}